{"id":735,"date":"2017-03-14T14:36:37","date_gmt":"2017-03-14T13:36:37","guid":{"rendered":"http:\/\/onlinesc.net\/online\/?page_id=735"},"modified":"2017-04-14T08:52:40","modified_gmt":"2017-04-14T06:52:40","slug":"aktualnosci","status":"publish","type":"page","link":"https:\/\/onlinesc.net\/online\/?page_id=735","title":{"rendered":"Aktualno\u015bci"},"content":{"rendered":"<p>&nbsp;<\/p>\n<div class=\"pt-cv-wrapper\"><div class=\"pt-cv-view pt-cv-grid pt-cv-colsys\" id=\"pt-cv-view-6b1cbbdetg\"><div data-id=\"pt-cv-page-1\" class=\"pt-cv-page\" data-cvc=\"1\"><div class=\"col-md-12 col-sm-12 col-xs-12 pt-cv-content-item pt-cv-2-col\" ><div class='pt-cv-ifield'><a href=\"https:\/\/onlinesc.net\/online\/?p=1142\" class=\"_self pt-cv-href-thumbnail pt-cv-thumb-left\" target=\"_self\" ><img width=\"150\" height=\"150\" src=\"https:\/\/onlinesc.net\/online\/wp-content\/uploads\/cctv.png\" class=\"pt-cv-thumbnail pull-left\" alt=\"Nowa kamera\" loading=\"lazy\" \/><\/a>\n<h4 class=\"pt-cv-title\"><a href=\"https:\/\/onlinesc.net\/online\/?p=1142\" class=\"_self\" target=\"_self\" >Nowa kamera [Radk\u00f3w]<\/a><\/h4>\n<div class=\"pt-cv-content\">Zapraszamy do obejrzenia przekazu z nowej kamery zamontowanej przed Urz\u0119dem Gminy Radk\u00f3w w Radkowie. Widok z kamery dost\u0119pny jest w dziale Kamery. Zapraszamy! ...<br \/><a href=\"https:\/\/onlinesc.net\/online\/?p=1142\" class=\"_self pt-cv-readmore btn btn-success\" target=\"_self\">Czytaj dalej<\/a><\/div>\n<div class=\"pt-cv-meta-fields\"><span class=\"entry-date\"> <time datetime=\"2017-07-18T17:19:15+02:00\">18 lipca 2017<\/time><\/span><\/div><\/div><\/div>\n<div class=\"col-md-12 col-sm-12 col-xs-12 pt-cv-content-item pt-cv-2-col\" ><div class='pt-cv-ifield'><a href=\"https:\/\/onlinesc.net\/online\/?p=1136\" class=\"_self pt-cv-href-thumbnail pt-cv-thumb-left\" target=\"_self\" ><img width=\"150\" height=\"150\" src=\"https:\/\/onlinesc.net\/online\/wp-content\/uploads\/cctv.png\" class=\"pt-cv-thumbnail pull-left\" alt=\"Nowa kamera\" loading=\"lazy\" \/><\/a>\n<h4 class=\"pt-cv-title\"><a href=\"https:\/\/onlinesc.net\/online\/?p=1136\" class=\"_self\" target=\"_self\" >Nowa kamera on-line<\/a><\/h4>\n<div class=\"pt-cv-content\">Zapraszamy do obejrzenia przekazu z nowej kamery zamontowanej na kominie (50m) P. W. \"OMEGA\" w Szczekocinach. Widok z kamery dost\u0119pny jest w dziale Kamery. Zapraszamy! ...<br \/><a href=\"https:\/\/onlinesc.net\/online\/?p=1136\" class=\"_self pt-cv-readmore btn btn-success\" target=\"_self\">Czytaj dalej<\/a><\/div>\n<div class=\"pt-cv-meta-fields\"><span class=\"entry-date\"> <time datetime=\"2017-06-22T13:11:03+02:00\">22 czerwca 2017<\/time><\/span><\/div><\/div><\/div>\n<div class=\"col-md-12 col-sm-12 col-xs-12 pt-cv-content-item pt-cv-2-col\" ><div class='pt-cv-ifield'><a href=\"https:\/\/onlinesc.net\/online\/?p=731\" class=\"_self pt-cv-href-thumbnail pt-cv-thumb-left\" target=\"_self\" ><img width=\"150\" height=\"150\" src=\"https:\/\/onlinesc.net\/online\/wp-content\/uploads\/new_page-150x150.png\" class=\"pt-cv-thumbnail pull-left\" alt=\"Nowa strona\" loading=\"lazy\" srcset=\"https:\/\/onlinesc.net\/online\/wp-content\/uploads\/new_page-150x150.png 150w, https:\/\/onlinesc.net\/online\/wp-content\/uploads\/new_page.png 200w, https:\/\/onlinesc.net\/online\/wp-content\/uploads\/new_page-174x174.png 174w\" sizes=\"(max-width: 150px) 100vw, 150px\" \/><\/a>\n<h4 class=\"pt-cv-title\"><a href=\"https:\/\/onlinesc.net\/online\/?p=731\" class=\"_self\" target=\"_self\" >Nowa strona<\/a><\/h4>\n<div class=\"pt-cv-content\">Witamy w nowym, od\u015bwie\u017conym serwisie ONLINE. Mamy nadziej\u0119, \u017ce u\u0142atwi on Pa\u0144stwu zapoznanie si\u0119 z nasz\u0105 ofert\u0105. Zapraszamy! ...<br \/><a href=\"https:\/\/onlinesc.net\/online\/?p=731\" class=\"_self pt-cv-readmore btn btn-success\" target=\"_self\">Czytaj dalej<\/a><\/div>\n<div class=\"pt-cv-meta-fields\"><span class=\"entry-date\"> <time datetime=\"2017-03-14T14:26:41+01:00\">14 marca 2017<\/time><\/span><\/div><\/div><\/div><\/div><\/div><\/div>\n","protected":false},"excerpt":{"rendered":"<p>&nbsp;<\/p>\n","protected":false},"author":1,"featured_media":0,"parent":0,"menu_order":0,"comment_status":"closed","ping_status":"closed","template":"","meta":[],"yoast_head":"<!-- This site is optimized with the Yoast SEO plugin v14.9 - https:\/\/yoast.com\/wordpress\/plugins\/seo\/ -->\n<title>Aktualno\u015bci i komunikaty firmy Online s.c. Szczekociny - ONLINE s.c.<\/title>\n<meta name=\"description\" content=\"Zapraszamy do nowego serwisu firmy Online s.c. Zapoznasz si\u0119 z nasz\u0105 ofert\u0105 dost\u0119pu do szybkiego internetu, ofert\u0105 telewizji HD oraz telefonu.\" \/>\n<meta name=\"robots\" content=\"index, follow, max-snippet:-1, max-image-preview:large, max-video-preview:-1\" \/>\n<link rel=\"canonical\" href=\"https:\/\/onlinesc.net\/online\/?page_id=735\" \/>\n<meta property=\"og:locale\" content=\"pl_PL\" \/>\n<meta property=\"og:type\" content=\"article\" \/>\n<meta property=\"og:title\" content=\"Aktualno\u015bci i komunikaty firmy Online s.c. Szczekociny - ONLINE s.c.\" \/>\n<meta property=\"og:description\" content=\"Zapraszamy do nowego serwisu firmy Online s.c. Zapoznasz si\u0119 z nasz\u0105 ofert\u0105 dost\u0119pu do szybkiego internetu, ofert\u0105 telewizji HD oraz telefonu.\" \/>\n<meta property=\"og:url\" content=\"https:\/\/onlinesc.net\/online\/?page_id=735\" \/>\n<meta property=\"og:site_name\" content=\"ONLINE s.c.\" \/>\n<meta property=\"article:modified_time\" content=\"2017-04-14T06:52:40+00:00\" \/>\n<meta name=\"twitter:card\" content=\"summary\" \/>\n<script type=\"application\/ld+json\" class=\"yoast-schema-graph\">{\"@context\":\"https:\/\/schema.org\",\"@graph\":[{\"@type\":\"Organization\",\"@id\":\"https:\/\/onlinesc.net\/online\/#organization\",\"name\":\"ONLINE s.c.\",\"url\":\"https:\/\/onlinesc.net\/online\/\",\"sameAs\":[],\"logo\":{\"@type\":\"ImageObject\",\"@id\":\"https:\/\/onlinesc.net\/online\/#logo\",\"inLanguage\":\"pl-PL\",\"url\":\"https:\/\/onlinesc.net\/online\/wp-content\/uploads\/logo_online.png\",\"width\":150,\"height\":150,\"caption\":\"ONLINE s.c.\"},\"image\":{\"@id\":\"https:\/\/onlinesc.net\/online\/#logo\"}},{\"@type\":\"WebSite\",\"@id\":\"https:\/\/onlinesc.net\/online\/#website\",\"url\":\"https:\/\/onlinesc.net\/online\/\",\"name\":\"ONLINE s.c.\",\"description\":\"ca\\u0142y \\u015bwiat w zasi\\u0119gu r\\u0119ki...\",\"publisher\":{\"@id\":\"https:\/\/onlinesc.net\/online\/#organization\"},\"potentialAction\":[{\"@type\":\"SearchAction\",\"target\":\"https:\/\/onlinesc.net\/online\/?s={search_term_string}\",\"query-input\":\"required name=search_term_string\"}],\"inLanguage\":\"pl-PL\"},{\"@type\":\"WebPage\",\"@id\":\"https:\/\/onlinesc.net\/online\/?page_id=735#webpage\",\"url\":\"https:\/\/onlinesc.net\/online\/?page_id=735\",\"name\":\"Aktualno\\u015bci i komunikaty firmy Online s.c. Szczekociny - ONLINE s.c.\",\"isPartOf\":{\"@id\":\"https:\/\/onlinesc.net\/online\/#website\"},\"datePublished\":\"2017-03-14T13:36:37+00:00\",\"dateModified\":\"2017-04-14T06:52:40+00:00\",\"description\":\"Zapraszamy do nowego serwisu firmy Online s.c. Zapoznasz si\\u0119 z nasz\\u0105 ofert\\u0105 dost\\u0119pu do szybkiego internetu, ofert\\u0105 telewizji HD oraz telefonu.\",\"breadcrumb\":{\"@id\":\"https:\/\/onlinesc.net\/online\/?page_id=735#breadcrumb\"},\"inLanguage\":\"pl-PL\",\"potentialAction\":[{\"@type\":\"ReadAction\",\"target\":[\"https:\/\/onlinesc.net\/online\/?page_id=735\"]}]},{\"@type\":\"BreadcrumbList\",\"@id\":\"https:\/\/onlinesc.net\/online\/?page_id=735#breadcrumb\",\"itemListElement\":[{\"@type\":\"ListItem\",\"position\":1,\"item\":{\"@type\":\"WebPage\",\"@id\":\"https:\/\/onlinesc.net\/online\",\"url\":\"https:\/\/onlinesc.net\/online\",\"name\":\"Home\"}},{\"@type\":\"ListItem\",\"position\":2,\"item\":{\"@type\":\"WebPage\",\"@id\":\"https:\/\/onlinesc.net\/online\/?page_id=735\",\"url\":\"https:\/\/onlinesc.net\/online\/?page_id=735\",\"name\":\"Aktualno\\u015bci\"}}]}]}<\/script>\n<!-- \/ Yoast SEO plugin. -->","_links":{"self":[{"href":"https:\/\/onlinesc.net\/online\/index.php?rest_route=\/wp\/v2\/pages\/735"}],"collection":[{"href":"https:\/\/onlinesc.net\/online\/index.php?rest_route=\/wp\/v2\/pages"}],"about":[{"href":"https:\/\/onlinesc.net\/online\/index.php?rest_route=\/wp\/v2\/types\/page"}],"author":[{"embeddable":true,"href":"https:\/\/onlinesc.net\/online\/index.php?rest_route=\/wp\/v2\/users\/1"}],"replies":[{"embeddable":true,"href":"https:\/\/onlinesc.net\/online\/index.php?rest_route=%2Fwp%2Fv2%2Fcomments&post=735"}],"version-history":[{"count":17,"href":"https:\/\/onlinesc.net\/online\/index.php?rest_route=\/wp\/v2\/pages\/735\/revisions"}],"predecessor-version":[{"id":974,"href":"https:\/\/onlinesc.net\/online\/index.php?rest_route=\/wp\/v2\/pages\/735\/revisions\/974"}],"wp:attachment":[{"href":"https:\/\/onlinesc.net\/online\/index.php?rest_route=%2Fwp%2Fv2%2Fmedia&parent=735"}],"curies":[{"name":"wp","href":"https:\/\/api.w.org\/{rel}","templated":true}]}}