{"id":715,"date":"2017-03-14T09:37:38","date_gmt":"2017-03-14T08:37:38","guid":{"rendered":"http:\/\/onlinesc.net\/online\/?page_id=715"},"modified":"2019-11-17T20:11:09","modified_gmt":"2019-11-17T19:11:09","slug":"polityka-prywatnosci","status":"publish","type":"page","link":"https:\/\/onlinesc.net\/online\/?page_id=715","title":{"rendered":"Polityka prywatno\u015bci"},"content":{"rendered":"<h2 style=\"text-align: justify;\"><i id=\"fac_69ead9d0261c3\" class=\"fa fa-certificate\"><\/i>\n Pliki cookies<\/h2>\n<p style=\"text-align: justify;\">Serwis mo\u017ce wykorzystywa\u0107 w niekt\u00f3rych przypadkach mechanizm tzw. cookies. Pliki cookie u\u0142atwiaj\u0105 korzystanie z zasob\u00f3w i us\u0142ug tego serwisu. Cookies s\u0105 przechowywane na dysku komputera u\u017cytkownika, a serwis odczytuje je podczas ponownego po\u0142\u0105czenia si\u0119 z tym komputerem.<\/p>\n<p style=\"text-align: justify;\">W przegl\u0105darce internetowej mo\u017cna zmieni\u0107 ustawienia dotycz\u0105ce cookies. Brak zmiany tych ustawie\u0144 oznacza akceptacj\u0119 dla stosowanych tu cookies.<\/p>\n<p style=\"text-align: justify;\">Poziom ochrony przed cookies mo\u017cna ustawi\u0107 w ka\u017cdej przegl\u0105darce, a\u017c do ca\u0142kowitego blokowania plik\u00f3w cookies. Zwi\u0119ksza to poziom bezpiecze\u0144stwa i ochrony danych, ale mo\u017ce tak\u017ce uniemo\u017cliwia\u0107 niekt\u00f3re funkcje, a w efekcie prawid\u0142owe funkcjonowanie serwisu. Poziom ochrony przegl\u0105darki okre\u015bla samodzielnie u\u017cytkownik w jej ustawieniach.<\/p>\n<p style=\"text-align: justify;\">Wi\u0119cej o cookies mo\u017cna przeczyta\u0107 <a href=\"https:\/\/pl.wikipedia.org\/wiki\/HTTP_cookie\" target=\"_blank\" rel=\"noopener noreferrer\">tutaj<\/a>.<\/p>\n<h2 style=\"text-align: justify;\"><i id=\"fac_69ead9d026ecd\" class=\"fa fa-random\"><\/i>\n Inne dane<\/h2>\n<p>Podobnie jak wi\u0119kszo\u015b\u0107 innych stron WWW, serwis internetowy firmy Online gromadzi i przechowuje takie dane jak m.in.:<\/p>\n<ul style=\"list-style-type: square;\">\n<li>IP komputera u\u017cytkownika,<\/li>\n<li>informacje o przegl\u0105darce u\u017cytkownika,<\/li>\n<li>informacje o systemie operacyjnym u\u017cytkownika,<\/li>\n<li>g\u0142\u0119bi\u0119 kolor\u00f3w i rozdzielczo\u015b\u0107 ekranu komputera u\u017cytkownika,<\/li>\n<li>czas nadej\u015bcia zapytania,<\/li>\n<li>adres URL strony poprzednio odwiedzanej przez u\u017cytkownika \u2013 w przypadku gdy przej\u015bcie do strony naszego serwisu nast\u0105pi\u0142o przez odsy\u0142acz na tej stronie,<\/li>\n<li>oraz inne dane dzi\u0119ki kt\u00f3rym mo\u017cliwe jest prawid\u0142owe funkcjonowanie serwisu.<\/li>\n<\/ul>\n<p style=\"text-align: justify;\">Zebrane informacje przechowywane s\u0105 przez czas nieokre\u015blony jako materia\u0142 pomocniczy s\u0142u\u017c\u0105cy do administrowania serwisem (np. sprawdzania sp\u00f3jno\u015bci serwisu). Nie s\u0105 ujawniane nikomu poza osobami upowa\u017cnionymi do administrowania serwerem.<\/p>\n<p style=\"text-align: justify;\">Dane te wykorzystywane s\u0105 do zapewnienia jak najlepszego dzia\u0142ania serwisu oraz do budowy zbiorowych (anonimowych) zestawie\u0144 statystycznych w formie informacji o ogl\u0105dalno\u015bci serwisu, np. procentowy udzia\u0142 poszczeg\u00f3lnych typ\u00f3w system\u00f3w operacyjnych i przegl\u0105darek jakich u\u017cywaj\u0105 u\u017cytkownicy tego serwisu, czas najwi\u0119kszej \u201eogl\u0105dalno\u015bci\u201d serwisu, itp.<\/p>\n<p style=\"text-align: justify;\">W niekt\u00f3rych przypadkach (np. formularz kontaktowy) wymagane jest podanie przez u\u017cytkownika imienia, nazwiska, adresu zamieszkania, nr telefonu lub adresu e-mail. S\u0105 to dane niezb\u0119dne do prawid\u0142owego \u015bwiadczenia oferowanych przez nas us\u0142ug, np. dok\u0142adna lokalizacja awarii, ustalenie mo\u017cliwo\u015bci technicznych instalacji \u0142\u0105cza, etc. Dane te nie s\u0105 udost\u0119pniane osobom trzecim i wykorzystywane s\u0105 tylko do cel\u00f3w, do kt\u00f3rych zosta\u0142y pierwotnie udost\u0119pnione.<\/p>\n<h2 style=\"text-align: justify;\"><i id=\"fac_69ead9d027700\" class=\"fa fa-link\"><\/i>\n Inne strony<\/h2>\n<p style=\"text-align: justify;\">Serwis internetowy firmy Online zawiera odsy\u0142acze do innych stron WWW. Firma Online s.c. nie ponosi odpowiedzialno\u015bci za zasady zachowania prywatno\u015bci obowi\u0105zuj\u0105ce na tych stronach. Prosimy aby po przej\u015bciu na te strony zapozna\u0107 si\u0119 z polityk\u0105 prywatno\u015bci ustalon\u0105 przez ich w\u0142a\u015bcicieli. Niniejsza polityka prywatno\u015bci dotyczy tylko serwisu firmy Online s.c.<\/p>\n","protected":false},"excerpt":{"rendered":"<p>Pliki cookies Serwis mo\u017ce wykorzystywa\u0107 w niekt\u00f3rych przypadkach mechanizm tzw. cookies. Pliki cookie u\u0142atwiaj\u0105 korzystanie z zasob\u00f3w i us\u0142ug tego serwisu. Cookies s\u0105 przechowywane na dysku komputera u\u017cytkownika, a serwis odczytuje je podczas ponownego po\u0142\u0105czenia si\u0119 z tym komputerem. W przegl\u0105darce internetowej mo\u017cna zmieni\u0107 ustawienia dotycz\u0105ce cookies. Brak zmiany tych ustawie\u0144 oznacza akceptacj\u0119 dla stosowanych <a href=\"https:\/\/onlinesc.net\/online\/?page_id=715\" rel=\"nofollow\"><span class=\"sr-only\">Read more about Polityka prywatno\u015bci<\/span>[&hellip;]<\/a><\/p>\n","protected":false},"author":1,"featured_media":0,"parent":0,"menu_order":0,"comment_status":"closed","ping_status":"closed","template":"","meta":[],"yoast_head":"<!-- This site is optimized with the Yoast SEO plugin v14.9 - https:\/\/yoast.com\/wordpress\/plugins\/seo\/ -->\n<title>Polityka prywatno\u015bci - ONLINE s.c.<\/title>\n<meta name=\"robots\" content=\"index, follow, max-snippet:-1, max-image-preview:large, max-video-preview:-1\" \/>\n<link rel=\"canonical\" href=\"https:\/\/onlinesc.net\/online\/?page_id=715\" \/>\n<meta property=\"og:locale\" content=\"pl_PL\" \/>\n<meta property=\"og:type\" content=\"article\" \/>\n<meta property=\"og:title\" content=\"Polityka prywatno\u015bci - ONLINE s.c.\" \/>\n<meta property=\"og:description\" content=\"Pliki cookies Serwis mo\u017ce wykorzystywa\u0107 w niekt\u00f3rych przypadkach mechanizm tzw. cookies. Pliki cookie u\u0142atwiaj\u0105 korzystanie z zasob\u00f3w i us\u0142ug tego serwisu. Cookies s\u0105 przechowywane na dysku komputera u\u017cytkownika, a serwis odczytuje je podczas ponownego po\u0142\u0105czenia si\u0119 z tym komputerem. W przegl\u0105darce internetowej mo\u017cna zmieni\u0107 ustawienia dotycz\u0105ce cookies. Brak zmiany tych ustawie\u0144 oznacza akceptacj\u0119 dla stosowanych Read more about Polityka prywatno\u015bci[&hellip;]\" \/>\n<meta property=\"og:url\" content=\"https:\/\/onlinesc.net\/online\/?page_id=715\" \/>\n<meta property=\"og:site_name\" content=\"ONLINE s.c.\" \/>\n<meta property=\"article:modified_time\" content=\"2019-11-17T19:11:09+00:00\" \/>\n<meta name=\"twitter:card\" content=\"summary\" \/>\n<script type=\"application\/ld+json\" class=\"yoast-schema-graph\">{\"@context\":\"https:\/\/schema.org\",\"@graph\":[{\"@type\":\"Organization\",\"@id\":\"https:\/\/onlinesc.net\/online\/#organization\",\"name\":\"ONLINE s.c.\",\"url\":\"https:\/\/onlinesc.net\/online\/\",\"sameAs\":[],\"logo\":{\"@type\":\"ImageObject\",\"@id\":\"https:\/\/onlinesc.net\/online\/#logo\",\"inLanguage\":\"pl-PL\",\"url\":\"https:\/\/onlinesc.net\/online\/wp-content\/uploads\/logo_online.png\",\"width\":150,\"height\":150,\"caption\":\"ONLINE s.c.\"},\"image\":{\"@id\":\"https:\/\/onlinesc.net\/online\/#logo\"}},{\"@type\":\"WebSite\",\"@id\":\"https:\/\/onlinesc.net\/online\/#website\",\"url\":\"https:\/\/onlinesc.net\/online\/\",\"name\":\"ONLINE s.c.\",\"description\":\"ca\\u0142y \\u015bwiat w zasi\\u0119gu r\\u0119ki...\",\"publisher\":{\"@id\":\"https:\/\/onlinesc.net\/online\/#organization\"},\"potentialAction\":[{\"@type\":\"SearchAction\",\"target\":\"https:\/\/onlinesc.net\/online\/?s={search_term_string}\",\"query-input\":\"required name=search_term_string\"}],\"inLanguage\":\"pl-PL\"},{\"@type\":\"WebPage\",\"@id\":\"https:\/\/onlinesc.net\/online\/?page_id=715#webpage\",\"url\":\"https:\/\/onlinesc.net\/online\/?page_id=715\",\"name\":\"Polityka prywatno\\u015bci - ONLINE s.c.\",\"isPartOf\":{\"@id\":\"https:\/\/onlinesc.net\/online\/#website\"},\"datePublished\":\"2017-03-14T08:37:38+00:00\",\"dateModified\":\"2019-11-17T19:11:09+00:00\",\"breadcrumb\":{\"@id\":\"https:\/\/onlinesc.net\/online\/?page_id=715#breadcrumb\"},\"inLanguage\":\"pl-PL\",\"potentialAction\":[{\"@type\":\"ReadAction\",\"target\":[\"https:\/\/onlinesc.net\/online\/?page_id=715\"]}]},{\"@type\":\"BreadcrumbList\",\"@id\":\"https:\/\/onlinesc.net\/online\/?page_id=715#breadcrumb\",\"itemListElement\":[{\"@type\":\"ListItem\",\"position\":1,\"item\":{\"@type\":\"WebPage\",\"@id\":\"https:\/\/onlinesc.net\/online\",\"url\":\"https:\/\/onlinesc.net\/online\",\"name\":\"Home\"}},{\"@type\":\"ListItem\",\"position\":2,\"item\":{\"@type\":\"WebPage\",\"@id\":\"https:\/\/onlinesc.net\/online\/?page_id=715\",\"url\":\"https:\/\/onlinesc.net\/online\/?page_id=715\",\"name\":\"Polityka prywatno\\u015bci\"}}]}]}<\/script>\n<!-- \/ Yoast SEO plugin. -->","_links":{"self":[{"href":"https:\/\/onlinesc.net\/online\/index.php?rest_route=\/wp\/v2\/pages\/715"}],"collection":[{"href":"https:\/\/onlinesc.net\/online\/index.php?rest_route=\/wp\/v2\/pages"}],"about":[{"href":"https:\/\/onlinesc.net\/online\/index.php?rest_route=\/wp\/v2\/types\/page"}],"author":[{"embeddable":true,"href":"https:\/\/onlinesc.net\/online\/index.php?rest_route=\/wp\/v2\/users\/1"}],"replies":[{"embeddable":true,"href":"https:\/\/onlinesc.net\/online\/index.php?rest_route=%2Fwp%2Fv2%2Fcomments&post=715"}],"version-history":[{"count":7,"href":"https:\/\/onlinesc.net\/online\/index.php?rest_route=\/wp\/v2\/pages\/715\/revisions"}],"predecessor-version":[{"id":1165,"href":"https:\/\/onlinesc.net\/online\/index.php?rest_route=\/wp\/v2\/pages\/715\/revisions\/1165"}],"wp:attachment":[{"href":"https:\/\/onlinesc.net\/online\/index.php?rest_route=%2Fwp%2Fv2%2Fmedia&parent=715"}],"curies":[{"name":"wp","href":"https:\/\/api.w.org\/{rel}","templated":true}]}}