{"id":522,"date":"2017-03-13T11:01:19","date_gmt":"2017-03-13T10:01:19","guid":{"rendered":"http:\/\/onlinesc.net\/online\/?page_id=522"},"modified":"2017-04-14T08:57:12","modified_gmt":"2017-04-14T06:57:12","slug":"alarmy-monitoring","status":"publish","type":"page","link":"https:\/\/onlinesc.net\/online\/?page_id=522","title":{"rendered":"Alarmy, monitoring"},"content":{"rendered":"<h2 style=\"text-align: justify;\"><\/h2>\n<h2 style=\"text-align: justify;\"><i id=\"fac_69ead9b88b76d\" class=\"fa fa-bullhorn\"><\/i>\n Oferta<\/h2>\n<p style=\"text-align: justify;\">Wieloletnie do\u015bwiadczenie w bran\u017cy system\u00f3w SSWiN, uzupe\u0142niane ci\u0105gle licznymi szkoleniami, pozwala nam zaprezentowa\u0107 ofert\u0119 dotycz\u0105c\u0105 zabezpieczenia Pa\u0144stwa mienia oraz bezpiecze\u0144stwa os\u00f3b. Oferujemy us\u0142ugi instalacji system\u00f3w alarmowych, zar\u00f3wno przewodowych, bezprzewodowych jak i hybrydowych oraz system\u00f3w monitoringu wizyjnego CCTV. Ka\u017cdorazowa instalacja poprzedzona jest <strong>indywidualn\u0105 wycen\u0105<\/strong> i <strong>optymalnym doborem element\u00f3w<\/strong> systemu uwzgl\u0119dniaj\u0105cych <strong>wszystkie Pa\u0144stwa potrzeby<\/strong>.<\/p>\n<p style=\"text-align: justify;\">Opr\u00f3cz powy\u017cszych system\u00f3w, wykonujemy tak\u017ce inne instalacje niskonapi\u0119ciowe jak np: sieci komputerowe, instalacje telewizyjne, telefoniczne, domofonowe, etc.<\/p>\n<p>Nasza firma \u015bwiadczy us\u0142ugi m.in. w zakresie:<\/p>\n<ul style=\"list-style-type: square;\">\n<li>systemy alarmowe przewodowe i bezprzewodowe,<\/li>\n<li>monitoring, telewizja przemys\u0142owa,<\/li>\n<li>domofony, wideodomofony,<\/li>\n<li>serwis i monta\u017c centralek telefonicznych,<\/li>\n<li>instalacje telefoniczne, us\u0142ugi telekomunikacyjne,<\/li>\n<li>instalacje antenowe telewizji naziemnej i satelitarnej,<\/li>\n<li>instalacje techniczne, sieci komputerowe.<\/li>\n<\/ul>\n<h2 style=\"text-align: justify;\"><i id=\"fac_69ead9b88c48a\" class=\"fa fa-handshake-o\"><\/i>\n Dlaczego my?<\/h2>\n<p>Gwarantujemy:<\/p>\n<ul style=\"list-style-type: square;\">\n<li><strong>bezp\u0142atn\u0105<\/strong> wycen\u0119 monta\u017cu instalacji,<\/li>\n<li>kr\u00f3tkie terminy wykonania us\u0142ugi,<\/li>\n<li>gwarancj\u0119 na wykonane us\u0142ugi,<\/li>\n<li>obs\u0142ug\u0119 gwarancyjna i pogwarancyjn\u0105.<\/li>\n<\/ul>\n<div class=\"foogallery foogallery-container foogallery-default foogallery-lightbox-unknown fg-gutter-10 fg-center fg-default fg-light fg-border-thin fg-shadow-small fg-loading-none fg-loaded-fade-in fg-hover-fade fg-hover-zoom\" id=\"foogallery-gallery-980\" data-foogallery=\"{&quot;item&quot;:{&quot;showCaptionTitle&quot;:true,&quot;showCaptionDescription&quot;:false},&quot;lazy&quot;:true,&quot;src&quot;:&quot;data-src-fg&quot;,&quot;srcset&quot;:&quot;data-srcset-fg&quot;}\" data-fg-common-fields=\"1\" >\r\n\t<div class=\"fg-item\"><figure class=\"fg-item-inner\"><a href=\"https:\/\/onlinesc.net\/online\/wp-content\/uploads\/cert_ms.jpg\" data-attachment-id=\"861\" class=\"fg-thumb\"><span class=\"fg-image-wrap\"><img width=\"150\" height=\"150\" data-src-fg=\"https:\/\/onlinesc.net\/online\/wp-content\/uploads\/cache\/cert_ms\/112637514.jpg\" class=\"fg-image\" \/><\/span><\/a><figcaption class=\"fg-caption\"><div class=\"fg-caption-inner\"><\/div><\/figcaption><\/figure><div class=\"fg-loader\"><\/div><\/div><div class=\"fg-item\"><figure class=\"fg-item-inner\"><a href=\"https:\/\/onlinesc.net\/online\/wp-content\/uploads\/cert_kz.jpg\" data-attachment-id=\"860\" class=\"fg-thumb\"><span class=\"fg-image-wrap\"><img width=\"150\" height=\"150\" data-src-fg=\"https:\/\/onlinesc.net\/online\/wp-content\/uploads\/cache\/cert_kz\/4280564859.jpg\" class=\"fg-image\" \/><\/span><\/a><figcaption class=\"fg-caption\"><div class=\"fg-caption-inner\"><\/div><\/figcaption><\/figure><div class=\"fg-loader\"><\/div><\/div><div class=\"fg-item\"><figure class=\"fg-item-inner\"><a href=\"https:\/\/onlinesc.net\/online\/wp-content\/uploads\/legit_ms.jpg\" data-attachment-id=\"859\" class=\"fg-thumb\"><span class=\"fg-image-wrap\"><img width=\"150\" height=\"150\" data-src-fg=\"https:\/\/onlinesc.net\/online\/wp-content\/uploads\/cache\/legit_ms\/752581600.jpg\" class=\"fg-image\" \/><\/span><\/a><figcaption class=\"fg-caption\"><div class=\"fg-caption-inner\"><\/div><\/figcaption><\/figure><div class=\"fg-loader\"><\/div><\/div><div class=\"fg-item\"><figure class=\"fg-item-inner\"><a href=\"https:\/\/onlinesc.net\/online\/wp-content\/uploads\/legit_kz.jpg\" data-attachment-id=\"858\" class=\"fg-thumb\"><span class=\"fg-image-wrap\"><img width=\"150\" height=\"150\" data-src-fg=\"https:\/\/onlinesc.net\/online\/wp-content\/uploads\/cache\/legit_kz\/2954120685.jpg\" class=\"fg-image\" \/><\/span><\/a><figcaption class=\"fg-caption\"><div class=\"fg-caption-inner\"><\/div><\/figcaption><\/figure><div class=\"fg-loader\"><\/div><\/div><div class=\"fg-item\"><figure class=\"fg-item-inner\"><a href=\"https:\/\/onlinesc.net\/online\/wp-content\/uploads\/jablotron.jpg\" data-attachment-id=\"857\" class=\"fg-thumb\"><span class=\"fg-image-wrap\"><img width=\"150\" height=\"150\" data-src-fg=\"https:\/\/onlinesc.net\/online\/wp-content\/uploads\/cache\/jablotron\/2475538798.jpg\" class=\"fg-image\" \/><\/span><\/a><figcaption class=\"fg-caption\"><div class=\"fg-caption-inner\"><\/div><\/figcaption><\/figure><div class=\"fg-loader\"><\/div><\/div><div class=\"fg-item\"><figure class=\"fg-item-inner\"><a href=\"https:\/\/onlinesc.net\/online\/wp-content\/uploads\/jablotron1.jpg\" data-attachment-id=\"856\" class=\"fg-thumb\"><span class=\"fg-image-wrap\"><img width=\"150\" height=\"150\" data-src-fg=\"https:\/\/onlinesc.net\/online\/wp-content\/uploads\/cache\/jablotron1\/254673624.jpg\" class=\"fg-image\" \/><\/span><\/a><figcaption class=\"fg-caption\"><div class=\"fg-caption-inner\"><\/div><\/figcaption><\/figure><div class=\"fg-loader\"><\/div><\/div><\/div>\r\n\n","protected":false},"excerpt":{"rendered":"<p>Oferta Wieloletnie do\u015bwiadczenie w bran\u017cy system\u00f3w SSWiN, uzupe\u0142niane ci\u0105gle licznymi szkoleniami, pozwala nam zaprezentowa\u0107 ofert\u0119 dotycz\u0105c\u0105 zabezpieczenia Pa\u0144stwa mienia oraz bezpiecze\u0144stwa os\u00f3b. Oferujemy us\u0142ugi instalacji system\u00f3w alarmowych, zar\u00f3wno przewodowych, bezprzewodowych jak i hybrydowych oraz system\u00f3w monitoringu wizyjnego CCTV. Ka\u017cdorazowa instalacja poprzedzona jest indywidualn\u0105 wycen\u0105 i optymalnym doborem element\u00f3w systemu uwzgl\u0119dniaj\u0105cych wszystkie Pa\u0144stwa potrzeby. Opr\u00f3cz powy\u017cszych <a href=\"https:\/\/onlinesc.net\/online\/?page_id=522\" rel=\"nofollow\"><span class=\"sr-only\">Read more about Alarmy, monitoring<\/span>[&hellip;]<\/a><\/p>\n","protected":false},"author":1,"featured_media":0,"parent":20,"menu_order":0,"comment_status":"closed","ping_status":"closed","template":"","meta":[],"yoast_head":"<!-- This site is optimized with the Yoast SEO plugin v14.9 - https:\/\/yoast.com\/wordpress\/plugins\/seo\/ -->\n<title>Alarmy, monitoring, zabezpieczenia Szczekociny - ONLINE s.c.<\/title>\n<meta name=\"description\" content=\"W naszej ofercie znajduje si\u0119 tak\u017ce oferta obejmuj\u0105ca instalacj\u0119 system\u00f3w alarmowych i monitoringu wizyjnego (CCTV). Stosujemy sprawdzone rozwi\u0105zania.\" \/>\n<meta name=\"robots\" content=\"index, follow, max-snippet:-1, max-image-preview:large, max-video-preview:-1\" \/>\n<link rel=\"canonical\" href=\"https:\/\/onlinesc.net\/online\/?page_id=522\" \/>\n<meta property=\"og:locale\" content=\"pl_PL\" \/>\n<meta property=\"og:type\" content=\"article\" \/>\n<meta property=\"og:title\" content=\"Alarmy, monitoring, zabezpieczenia Szczekociny - ONLINE s.c.\" \/>\n<meta property=\"og:description\" content=\"W naszej ofercie znajduje si\u0119 tak\u017ce oferta obejmuj\u0105ca instalacj\u0119 system\u00f3w alarmowych i monitoringu wizyjnego (CCTV). Stosujemy sprawdzone rozwi\u0105zania.\" \/>\n<meta property=\"og:url\" content=\"https:\/\/onlinesc.net\/online\/?page_id=522\" \/>\n<meta property=\"og:site_name\" content=\"ONLINE s.c.\" \/>\n<meta property=\"article:modified_time\" content=\"2017-04-14T06:57:12+00:00\" \/>\n<meta name=\"twitter:card\" content=\"summary\" \/>\n<script type=\"application\/ld+json\" class=\"yoast-schema-graph\">{\"@context\":\"https:\/\/schema.org\",\"@graph\":[{\"@type\":\"Organization\",\"@id\":\"https:\/\/onlinesc.net\/online\/#organization\",\"name\":\"ONLINE s.c.\",\"url\":\"https:\/\/onlinesc.net\/online\/\",\"sameAs\":[],\"logo\":{\"@type\":\"ImageObject\",\"@id\":\"https:\/\/onlinesc.net\/online\/#logo\",\"inLanguage\":\"pl-PL\",\"url\":\"https:\/\/onlinesc.net\/online\/wp-content\/uploads\/logo_online.png\",\"width\":150,\"height\":150,\"caption\":\"ONLINE s.c.\"},\"image\":{\"@id\":\"https:\/\/onlinesc.net\/online\/#logo\"}},{\"@type\":\"WebSite\",\"@id\":\"https:\/\/onlinesc.net\/online\/#website\",\"url\":\"https:\/\/onlinesc.net\/online\/\",\"name\":\"ONLINE s.c.\",\"description\":\"ca\\u0142y \\u015bwiat w zasi\\u0119gu r\\u0119ki...\",\"publisher\":{\"@id\":\"https:\/\/onlinesc.net\/online\/#organization\"},\"potentialAction\":[{\"@type\":\"SearchAction\",\"target\":\"https:\/\/onlinesc.net\/online\/?s={search_term_string}\",\"query-input\":\"required name=search_term_string\"}],\"inLanguage\":\"pl-PL\"},{\"@type\":\"WebPage\",\"@id\":\"https:\/\/onlinesc.net\/online\/?page_id=522#webpage\",\"url\":\"https:\/\/onlinesc.net\/online\/?page_id=522\",\"name\":\"Alarmy, monitoring, zabezpieczenia Szczekociny - ONLINE s.c.\",\"isPartOf\":{\"@id\":\"https:\/\/onlinesc.net\/online\/#website\"},\"datePublished\":\"2017-03-13T10:01:19+00:00\",\"dateModified\":\"2017-04-14T06:57:12+00:00\",\"description\":\"W naszej ofercie znajduje si\\u0119 tak\\u017ce oferta obejmuj\\u0105ca instalacj\\u0119 system\\u00f3w alarmowych i monitoringu wizyjnego (CCTV). Stosujemy sprawdzone rozwi\\u0105zania.\",\"breadcrumb\":{\"@id\":\"https:\/\/onlinesc.net\/online\/?page_id=522#breadcrumb\"},\"inLanguage\":\"pl-PL\",\"potentialAction\":[{\"@type\":\"ReadAction\",\"target\":[\"https:\/\/onlinesc.net\/online\/?page_id=522\"]}]},{\"@type\":\"BreadcrumbList\",\"@id\":\"https:\/\/onlinesc.net\/online\/?page_id=522#breadcrumb\",\"itemListElement\":[{\"@type\":\"ListItem\",\"position\":1,\"item\":{\"@type\":\"WebPage\",\"@id\":\"https:\/\/onlinesc.net\/online\",\"url\":\"https:\/\/onlinesc.net\/online\",\"name\":\"Home\"}},{\"@type\":\"ListItem\",\"position\":2,\"item\":{\"@type\":\"WebPage\",\"@id\":\"https:\/\/onlinesc.net\/online\/?page_id=20\",\"url\":\"https:\/\/onlinesc.net\/online\/?page_id=20\",\"name\":\"Oferta\"}},{\"@type\":\"ListItem\",\"position\":3,\"item\":{\"@type\":\"WebPage\",\"@id\":\"https:\/\/onlinesc.net\/online\/?page_id=522\",\"url\":\"https:\/\/onlinesc.net\/online\/?page_id=522\",\"name\":\"Alarmy, monitoring\"}}]}]}<\/script>\n<!-- \/ Yoast SEO plugin. -->","_links":{"self":[{"href":"https:\/\/onlinesc.net\/online\/index.php?rest_route=\/wp\/v2\/pages\/522"}],"collection":[{"href":"https:\/\/onlinesc.net\/online\/index.php?rest_route=\/wp\/v2\/pages"}],"about":[{"href":"https:\/\/onlinesc.net\/online\/index.php?rest_route=\/wp\/v2\/types\/page"}],"author":[{"embeddable":true,"href":"https:\/\/onlinesc.net\/online\/index.php?rest_route=\/wp\/v2\/users\/1"}],"replies":[{"embeddable":true,"href":"https:\/\/onlinesc.net\/online\/index.php?rest_route=%2Fwp%2Fv2%2Fcomments&post=522"}],"version-history":[{"count":15,"href":"https:\/\/onlinesc.net\/online\/index.php?rest_route=\/wp\/v2\/pages\/522\/revisions"}],"predecessor-version":[{"id":1113,"href":"https:\/\/onlinesc.net\/online\/index.php?rest_route=\/wp\/v2\/pages\/522\/revisions\/1113"}],"up":[{"embeddable":true,"href":"https:\/\/onlinesc.net\/online\/index.php?rest_route=\/wp\/v2\/pages\/20"}],"wp:attachment":[{"href":"https:\/\/onlinesc.net\/online\/index.php?rest_route=%2Fwp%2Fv2%2Fmedia&parent=522"}],"curies":[{"name":"wp","href":"https:\/\/api.w.org\/{rel}","templated":true}]}}