{"id":36,"date":"2017-03-04T11:23:55","date_gmt":"2017-03-04T10:23:55","guid":{"rendered":"http:\/\/onlinesc.net\/online\/?page_id=36"},"modified":"2020-09-14T21:13:31","modified_gmt":"2020-09-14T19:13:31","slug":"telefon","status":"publish","type":"page","link":"https:\/\/onlinesc.net\/online\/?page_id=36","title":{"rendered":"Telefon"},"content":{"rendered":"<p style=\"text-align: justify;\"><span style=\"color: #ff0000;\">\u00a0<\/span><\/p>\n<h2><i id=\"fac_69ead949e8148\" class=\"fa fa-volume-control-phone\"><\/i>\n Perfekcyjne po\u0142\u0105czenia dla Ciebie<\/h2>\n<p style=\"text-align: justify;\"><strong>W firmie<\/strong> czy <strong>w domu<\/strong> \u2013 mo\u017cesz skorzysta\u0107 z wysokiej jako\u015bci po\u0142\u0105cze\u0144 g\u0142osowych w Polsce i poza granicami wykorzystuj\u0105c sie\u0107 \u015bwiat\u0142owodow\u0105 jako medium. Korzystaj\u0105c z us\u0142ug telefonii \u015bwiat\u0142owodowej, mo\u017cna wykonywa\u0107 po\u0142\u0105czenia wychodz\u0105ce oraz przyjmowa\u0107 po\u0142\u0105czenia przychodz\u0105ce, wykorzystuj\u0105c do tego <strong>zwyk\u0142y telefon analogowy<\/strong>, taki jak dotychczas u\u017cywali\u015bcie Pa\u0144stwo, korzystaj\u0105c z us\u0142ug innego operatora.<\/p>\n<p style=\"text-align: justify;\">Oferujemy Pa\u0144stwu mo\u017cliwo\u015b\u0107 przenoszenia numer\u00f3w telefonicznych od innych operator\u00f3w \u2013 dzi\u0119ki czemu <strong>zachowacie sw\u00f3j dotychczasowy numer!<\/strong><\/p>\n<h2><i id=\"fac_69ead949e8e64\" class=\"fa fa-handshake-o\"><\/i>\n Dlaczego warto wybra\u0107 nasz\u0105 telefoni\u0119 ?<\/h2>\n<ul style=\"list-style-type: square;\">\n<li>obni\u017cenie koszt\u00f3w op\u0142at abonamentowych nawet do 1 z\u0142\/m-c,<\/li>\n<li>obni\u017cenie koszt\u00f3w wszystkich typ\u00f3w po\u0142\u0105cze\u0144,<\/li>\n<li><strong>bezp\u0142atne i bez limit\u00f3w<\/strong> po\u0142\u0105czenia wewn\u0105trz sieci,<\/li>\n<li>naliczanie sekundowe w standardzie,<\/li>\n<li>identyfikacja numeru przy po\u0142\u0105czeniach przychodz\u0105cych w standardzie,<\/li>\n<li>przydzielamy numer ze strefy numeracyjnej (34 lub 41),<\/li>\n<li>doskona\u0142a jako\u015b\u0107 po\u0142\u0105cze\u0144.<\/li>\n<\/ul>\n<p><span style=\"color: #ff0000;\"><strong>\u00a0<\/strong><\/span><\/p>\n","protected":false},"excerpt":{"rendered":"<p>\u00a0 Perfekcyjne po\u0142\u0105czenia dla Ciebie W firmie czy w domu \u2013 mo\u017cesz skorzysta\u0107 z wysokiej jako\u015bci po\u0142\u0105cze\u0144 g\u0142osowych w Polsce i poza granicami wykorzystuj\u0105c sie\u0107 \u015bwiat\u0142owodow\u0105 jako medium. Korzystaj\u0105c z us\u0142ug telefonii \u015bwiat\u0142owodowej, mo\u017cna wykonywa\u0107 po\u0142\u0105czenia wychodz\u0105ce oraz przyjmowa\u0107 po\u0142\u0105czenia przychodz\u0105ce, wykorzystuj\u0105c do tego zwyk\u0142y telefon analogowy, taki jak dotychczas u\u017cywali\u015bcie Pa\u0144stwo, korzystaj\u0105c z us\u0142ug <a href=\"https:\/\/onlinesc.net\/online\/?page_id=36\" rel=\"nofollow\"><span class=\"sr-only\">Read more about Telefon<\/span>[&hellip;]<\/a><\/p>\n","protected":false},"author":1,"featured_media":0,"parent":20,"menu_order":0,"comment_status":"closed","ping_status":"closed","template":"","meta":[],"yoast_head":"<!-- This site is optimized with the Yoast SEO plugin v14.9 - https:\/\/yoast.com\/wordpress\/plugins\/seo\/ -->\n<title>Telefon, telefonia stacjonarna Szczekociny - ONLINE s.c.<\/title>\n<meta name=\"description\" content=\"W firmie czy w domu \u2013 mo\u017cesz skorzysta\u0107 z wysokiej jako\u015bci po\u0142\u0105cze\u0144 g\u0142osowych w Polsce i poza granicami wykorzystuj\u0105c sie\u0107 \u015bwiat\u0142owodow\u0105 jako medium.\" \/>\n<meta name=\"robots\" content=\"index, follow, max-snippet:-1, max-image-preview:large, max-video-preview:-1\" \/>\n<link rel=\"canonical\" href=\"https:\/\/onlinesc.net\/online\/?page_id=36\" \/>\n<meta property=\"og:locale\" content=\"pl_PL\" \/>\n<meta property=\"og:type\" content=\"article\" \/>\n<meta property=\"og:title\" content=\"Telefon, telefonia stacjonarna Szczekociny - ONLINE s.c.\" \/>\n<meta property=\"og:description\" content=\"W firmie czy w domu \u2013 mo\u017cesz skorzysta\u0107 z wysokiej jako\u015bci po\u0142\u0105cze\u0144 g\u0142osowych w Polsce i poza granicami wykorzystuj\u0105c sie\u0107 \u015bwiat\u0142owodow\u0105 jako medium.\" \/>\n<meta property=\"og:url\" content=\"https:\/\/onlinesc.net\/online\/?page_id=36\" \/>\n<meta property=\"og:site_name\" content=\"ONLINE s.c.\" \/>\n<meta property=\"article:modified_time\" content=\"2020-09-14T19:13:31+00:00\" \/>\n<meta name=\"twitter:card\" content=\"summary\" \/>\n<script type=\"application\/ld+json\" class=\"yoast-schema-graph\">{\"@context\":\"https:\/\/schema.org\",\"@graph\":[{\"@type\":\"Organization\",\"@id\":\"https:\/\/onlinesc.net\/online\/#organization\",\"name\":\"ONLINE s.c.\",\"url\":\"https:\/\/onlinesc.net\/online\/\",\"sameAs\":[],\"logo\":{\"@type\":\"ImageObject\",\"@id\":\"https:\/\/onlinesc.net\/online\/#logo\",\"inLanguage\":\"pl-PL\",\"url\":\"https:\/\/onlinesc.net\/online\/wp-content\/uploads\/logo_online.png\",\"width\":150,\"height\":150,\"caption\":\"ONLINE s.c.\"},\"image\":{\"@id\":\"https:\/\/onlinesc.net\/online\/#logo\"}},{\"@type\":\"WebSite\",\"@id\":\"https:\/\/onlinesc.net\/online\/#website\",\"url\":\"https:\/\/onlinesc.net\/online\/\",\"name\":\"ONLINE s.c.\",\"description\":\"ca\\u0142y \\u015bwiat w zasi\\u0119gu r\\u0119ki...\",\"publisher\":{\"@id\":\"https:\/\/onlinesc.net\/online\/#organization\"},\"potentialAction\":[{\"@type\":\"SearchAction\",\"target\":\"https:\/\/onlinesc.net\/online\/?s={search_term_string}\",\"query-input\":\"required name=search_term_string\"}],\"inLanguage\":\"pl-PL\"},{\"@type\":\"WebPage\",\"@id\":\"https:\/\/onlinesc.net\/online\/?page_id=36#webpage\",\"url\":\"https:\/\/onlinesc.net\/online\/?page_id=36\",\"name\":\"Telefon, telefonia stacjonarna Szczekociny - ONLINE s.c.\",\"isPartOf\":{\"@id\":\"https:\/\/onlinesc.net\/online\/#website\"},\"datePublished\":\"2017-03-04T10:23:55+00:00\",\"dateModified\":\"2020-09-14T19:13:31+00:00\",\"description\":\"W firmie czy w domu \\u2013 mo\\u017cesz skorzysta\\u0107 z wysokiej jako\\u015bci po\\u0142\\u0105cze\\u0144 g\\u0142osowych w Polsce i poza granicami wykorzystuj\\u0105c sie\\u0107 \\u015bwiat\\u0142owodow\\u0105 jako medium.\",\"breadcrumb\":{\"@id\":\"https:\/\/onlinesc.net\/online\/?page_id=36#breadcrumb\"},\"inLanguage\":\"pl-PL\",\"potentialAction\":[{\"@type\":\"ReadAction\",\"target\":[\"https:\/\/onlinesc.net\/online\/?page_id=36\"]}]},{\"@type\":\"BreadcrumbList\",\"@id\":\"https:\/\/onlinesc.net\/online\/?page_id=36#breadcrumb\",\"itemListElement\":[{\"@type\":\"ListItem\",\"position\":1,\"item\":{\"@type\":\"WebPage\",\"@id\":\"https:\/\/onlinesc.net\/online\",\"url\":\"https:\/\/onlinesc.net\/online\",\"name\":\"Home\"}},{\"@type\":\"ListItem\",\"position\":2,\"item\":{\"@type\":\"WebPage\",\"@id\":\"https:\/\/onlinesc.net\/online\/?page_id=20\",\"url\":\"https:\/\/onlinesc.net\/online\/?page_id=20\",\"name\":\"Oferta\"}},{\"@type\":\"ListItem\",\"position\":3,\"item\":{\"@type\":\"WebPage\",\"@id\":\"https:\/\/onlinesc.net\/online\/?page_id=36\",\"url\":\"https:\/\/onlinesc.net\/online\/?page_id=36\",\"name\":\"Telefon\"}}]}]}<\/script>\n<!-- \/ Yoast SEO plugin. -->","_links":{"self":[{"href":"https:\/\/onlinesc.net\/online\/index.php?rest_route=\/wp\/v2\/pages\/36"}],"collection":[{"href":"https:\/\/onlinesc.net\/online\/index.php?rest_route=\/wp\/v2\/pages"}],"about":[{"href":"https:\/\/onlinesc.net\/online\/index.php?rest_route=\/wp\/v2\/types\/page"}],"author":[{"embeddable":true,"href":"https:\/\/onlinesc.net\/online\/index.php?rest_route=\/wp\/v2\/users\/1"}],"replies":[{"embeddable":true,"href":"https:\/\/onlinesc.net\/online\/index.php?rest_route=%2Fwp%2Fv2%2Fcomments&post=36"}],"version-history":[{"count":18,"href":"https:\/\/onlinesc.net\/online\/index.php?rest_route=\/wp\/v2\/pages\/36\/revisions"}],"predecessor-version":[{"id":1193,"href":"https:\/\/onlinesc.net\/online\/index.php?rest_route=\/wp\/v2\/pages\/36\/revisions\/1193"}],"up":[{"embeddable":true,"href":"https:\/\/onlinesc.net\/online\/index.php?rest_route=\/wp\/v2\/pages\/20"}],"wp:attachment":[{"href":"https:\/\/onlinesc.net\/online\/index.php?rest_route=%2Fwp%2Fv2%2Fmedia&parent=36"}],"curies":[{"name":"wp","href":"https:\/\/api.w.org\/{rel}","templated":true}]}}