{"id":34,"date":"2017-03-04T11:23:01","date_gmt":"2017-03-04T10:23:01","guid":{"rendered":"http:\/\/onlinesc.net\/online\/?page_id=34"},"modified":"2022-02-22T19:39:01","modified_gmt":"2022-02-22T18:39:01","slug":"telewizja-swiatlowodowa","status":"publish","type":"page","link":"https:\/\/onlinesc.net\/online\/?page_id=34","title":{"rendered":"Telewizja \u015bwiat\u0142owodowa"},"content":{"rendered":"<p>&nbsp;<\/p>\n<h2 style=\"text-align: justify;\"><i id=\"fac_69ead94f7360f\" class=\"fa fa-info-circle\"><\/i>\n Oferta programowa<\/h2>\n<p><a href=\"https:\/\/onlinesc.net\/online\/wp-content\/uploads\/online_tv.jpg\"><img loading=\"lazy\" class=\"aligncenter wp-image-1198 size-large\" src=\"https:\/\/onlinesc.net\/online\/wp-content\/uploads\/online_tv-724x1024.jpg\" alt=\"\" width=\"640\" height=\"905\" srcset=\"https:\/\/onlinesc.net\/online\/wp-content\/uploads\/online_tv-724x1024.jpg 724w, https:\/\/onlinesc.net\/online\/wp-content\/uploads\/online_tv-212x300.jpg 212w, https:\/\/onlinesc.net\/online\/wp-content\/uploads\/online_tv-768x1086.jpg 768w, https:\/\/onlinesc.net\/online\/wp-content\/uploads\/online_tv-1086x1536.jpg 1086w, https:\/\/onlinesc.net\/online\/wp-content\/uploads\/online_tv.jpg 1240w\" sizes=\"(max-width: 640px) 100vw, 640px\" \/><\/a><\/p>\n<p>&nbsp;<\/p>\n<h2 style=\"text-align: justify;\"><i id=\"fac_69ead94f746f7\" class=\"fa fa-check-square-o\"><\/i>\n Dost\u0119pno\u015b\u0107<\/h2>\n<p>Aktualn\u0105 map\u0119 dost\u0119pno\u015bci tych us\u0142ug znajdziesz <a href=\"https:\/\/onlinesc.net\/online\/?page_id=22\">tutaj<\/a>.<\/p>\n","protected":false},"excerpt":{"rendered":"<p>&nbsp; Oferta programowa &nbsp; Dost\u0119pno\u015b\u0107 Aktualn\u0105 map\u0119 dost\u0119pno\u015bci tych us\u0142ug znajdziesz tutaj.<\/p>\n","protected":false},"author":1,"featured_media":0,"parent":20,"menu_order":0,"comment_status":"closed","ping_status":"closed","template":"","meta":[],"yoast_head":"<!-- This site is optimized with the Yoast SEO plugin v14.9 - https:\/\/yoast.com\/wordpress\/plugins\/seo\/ -->\n<title>Telewizja \u015bwiat\u0142owodowa Szczekociny - ONLINE s.c.<\/title>\n<meta name=\"description\" content=\"Co powiesz na prawie 200 kana\u0142\u00f3w TV, z czego ponad 100 w krystalicznej jako\u015bci HD? Bez zb\u0119dnego okablowania, instalacji i regulacji anten odbiorczych.\" \/>\n<meta name=\"robots\" content=\"index, follow, max-snippet:-1, max-image-preview:large, max-video-preview:-1\" \/>\n<link rel=\"canonical\" href=\"https:\/\/onlinesc.net\/online\/?page_id=34\" \/>\n<meta property=\"og:locale\" content=\"pl_PL\" \/>\n<meta property=\"og:type\" content=\"article\" \/>\n<meta property=\"og:title\" content=\"Telewizja \u015bwiat\u0142owodowa Szczekociny - ONLINE s.c.\" \/>\n<meta property=\"og:description\" content=\"Co powiesz na prawie 200 kana\u0142\u00f3w TV, z czego ponad 100 w krystalicznej jako\u015bci HD? Bez zb\u0119dnego okablowania, instalacji i regulacji anten odbiorczych.\" \/>\n<meta property=\"og:url\" content=\"https:\/\/onlinesc.net\/online\/?page_id=34\" \/>\n<meta property=\"og:site_name\" content=\"ONLINE s.c.\" \/>\n<meta property=\"article:modified_time\" content=\"2022-02-22T18:39:01+00:00\" \/>\n<meta property=\"og:image\" content=\"https:\/\/onlinesc.net\/online\/wp-content\/uploads\/online_tv-724x1024.jpg\" \/>\n<meta name=\"twitter:card\" content=\"summary\" \/>\n<script type=\"application\/ld+json\" class=\"yoast-schema-graph\">{\"@context\":\"https:\/\/schema.org\",\"@graph\":[{\"@type\":\"Organization\",\"@id\":\"https:\/\/onlinesc.net\/online\/#organization\",\"name\":\"ONLINE s.c.\",\"url\":\"https:\/\/onlinesc.net\/online\/\",\"sameAs\":[],\"logo\":{\"@type\":\"ImageObject\",\"@id\":\"https:\/\/onlinesc.net\/online\/#logo\",\"inLanguage\":\"pl-PL\",\"url\":\"https:\/\/onlinesc.net\/online\/wp-content\/uploads\/logo_online.png\",\"width\":150,\"height\":150,\"caption\":\"ONLINE s.c.\"},\"image\":{\"@id\":\"https:\/\/onlinesc.net\/online\/#logo\"}},{\"@type\":\"WebSite\",\"@id\":\"https:\/\/onlinesc.net\/online\/#website\",\"url\":\"https:\/\/onlinesc.net\/online\/\",\"name\":\"ONLINE s.c.\",\"description\":\"ca\\u0142y \\u015bwiat w zasi\\u0119gu r\\u0119ki...\",\"publisher\":{\"@id\":\"https:\/\/onlinesc.net\/online\/#organization\"},\"potentialAction\":[{\"@type\":\"SearchAction\",\"target\":\"https:\/\/onlinesc.net\/online\/?s={search_term_string}\",\"query-input\":\"required name=search_term_string\"}],\"inLanguage\":\"pl-PL\"},{\"@type\":\"ImageObject\",\"@id\":\"https:\/\/onlinesc.net\/online\/?page_id=34#primaryimage\",\"inLanguage\":\"pl-PL\",\"url\":\"https:\/\/onlinesc.net\/online\/wp-content\/uploads\/online_tv.jpg\",\"width\":1240,\"height\":1754},{\"@type\":\"WebPage\",\"@id\":\"https:\/\/onlinesc.net\/online\/?page_id=34#webpage\",\"url\":\"https:\/\/onlinesc.net\/online\/?page_id=34\",\"name\":\"Telewizja \\u015bwiat\\u0142owodowa Szczekociny - ONLINE s.c.\",\"isPartOf\":{\"@id\":\"https:\/\/onlinesc.net\/online\/#website\"},\"primaryImageOfPage\":{\"@id\":\"https:\/\/onlinesc.net\/online\/?page_id=34#primaryimage\"},\"datePublished\":\"2017-03-04T10:23:01+00:00\",\"dateModified\":\"2022-02-22T18:39:01+00:00\",\"description\":\"Co powiesz na prawie 200 kana\\u0142\\u00f3w TV, z czego ponad 100 w krystalicznej jako\\u015bci HD? Bez zb\\u0119dnego okablowania, instalacji i regulacji anten odbiorczych.\",\"breadcrumb\":{\"@id\":\"https:\/\/onlinesc.net\/online\/?page_id=34#breadcrumb\"},\"inLanguage\":\"pl-PL\",\"potentialAction\":[{\"@type\":\"ReadAction\",\"target\":[\"https:\/\/onlinesc.net\/online\/?page_id=34\"]}]},{\"@type\":\"BreadcrumbList\",\"@id\":\"https:\/\/onlinesc.net\/online\/?page_id=34#breadcrumb\",\"itemListElement\":[{\"@type\":\"ListItem\",\"position\":1,\"item\":{\"@type\":\"WebPage\",\"@id\":\"https:\/\/onlinesc.net\/online\",\"url\":\"https:\/\/onlinesc.net\/online\",\"name\":\"Home\"}},{\"@type\":\"ListItem\",\"position\":2,\"item\":{\"@type\":\"WebPage\",\"@id\":\"https:\/\/onlinesc.net\/online\/?page_id=20\",\"url\":\"https:\/\/onlinesc.net\/online\/?page_id=20\",\"name\":\"Oferta\"}},{\"@type\":\"ListItem\",\"position\":3,\"item\":{\"@type\":\"WebPage\",\"@id\":\"https:\/\/onlinesc.net\/online\/?page_id=34\",\"url\":\"https:\/\/onlinesc.net\/online\/?page_id=34\",\"name\":\"Telewizja \\u015bwiat\\u0142owodowa\"}}]}]}<\/script>\n<!-- \/ Yoast SEO plugin. -->","_links":{"self":[{"href":"https:\/\/onlinesc.net\/online\/index.php?rest_route=\/wp\/v2\/pages\/34"}],"collection":[{"href":"https:\/\/onlinesc.net\/online\/index.php?rest_route=\/wp\/v2\/pages"}],"about":[{"href":"https:\/\/onlinesc.net\/online\/index.php?rest_route=\/wp\/v2\/types\/page"}],"author":[{"embeddable":true,"href":"https:\/\/onlinesc.net\/online\/index.php?rest_route=\/wp\/v2\/users\/1"}],"replies":[{"embeddable":true,"href":"https:\/\/onlinesc.net\/online\/index.php?rest_route=%2Fwp%2Fv2%2Fcomments&post=34"}],"version-history":[{"count":38,"href":"https:\/\/onlinesc.net\/online\/index.php?rest_route=\/wp\/v2\/pages\/34\/revisions"}],"predecessor-version":[{"id":1201,"href":"https:\/\/onlinesc.net\/online\/index.php?rest_route=\/wp\/v2\/pages\/34\/revisions\/1201"}],"up":[{"embeddable":true,"href":"https:\/\/onlinesc.net\/online\/index.php?rest_route=\/wp\/v2\/pages\/20"}],"wp:attachment":[{"href":"https:\/\/onlinesc.net\/online\/index.php?rest_route=%2Fwp%2Fv2%2Fmedia&parent=34"}],"curies":[{"name":"wp","href":"https:\/\/api.w.org\/{rel}","templated":true}]}}