{"id":22,"date":"2017-03-04T11:20:57","date_gmt":"2017-03-04T10:20:57","guid":{"rendered":"http:\/\/onlinesc.net\/online\/?page_id=22"},"modified":"2017-04-14T09:21:06","modified_gmt":"2017-04-14T07:21:06","slug":"zasieg","status":"publish","type":"page","link":"https:\/\/onlinesc.net\/online\/?page_id=22","title":{"rendered":"Zasi\u0119g"},"content":{"rendered":"<p>&nbsp;<\/p>\n<h2><i id=\"fac_69ead9739dc13\" class=\"fa fa-rocket\"><\/i>\n Us\u0142ugi \u015bwiat\u0142owodowe (Internet, TV, telefon):<\/h2>\n<p style=\"text-align: justify;\">Poni\u017csza mapa prezentuje <span style=\"text-decoration: underline;\">orientacyjny<\/span> zasi\u0119g dost\u0119pno\u015bci us\u0142ug \u015bwiadczonych w technologii <strong>\u015bwiat\u0142owodowej<\/strong>.<br \/>\nW celu potwierdzenia dost\u0119pno\u015bci danej us\u0142ugi w okre\u015blonej lokalizacji prosimy o <a href=\"https:\/\/onlinesc.net\/online\/?page_id=28\">kontakt<\/a>.<\/p>\n<p><div class=\"clear-float\">\n    <\/div>\n<div class=\"huge_it_google_map_container\">\n    <div id=\"huge_it_google_map_1000\" data-map_id=\"2\"\n         class=\"huge_it_google_map\" style=\"\n    position:relative !important;\n    height:600px;\n    width:100%;\n    border-radius:0px;\n    margin:0px auto;\"\n         data-name=\"Zasi\u0119g \u015bwiat\u0142ow\u00f3d\"\n         data-type=\"ROADMAP\"\n         data-zoom=\"12\"\n         data-min-zoom=\"0\"\n         data-max-zoom=\"22\"\n         data-locator-enabled=\"0\"\n         data-img-url        =\"https:\/\/onlinesc.net\/online\/wp-content\/plugins\/google-maps\/assets\/images\/\"\n         data-border-radius=\"0\"\n         data-center-lat=\"50.6263373\"\n         data-center-lng=\"19.8149399\"\n         data-pan-controller=\"1\"\n         data-zoom-controller=\"1\"\n         data-type-controller=\"1\"\n         data-scale-controller=\"1\"\n         data-street-view-controller=\"1\"\n         data-overview-map-controller=\"1\"\n         data-width=\"100\"\n         data-height=\"600\"\n         data-align=\"center\"\n         data-info-type=\"click\"\n         data-open-infowindows-onload=\"1\"\n         data-animation=\"none\"\n         data-language=\"location based\"\n         data-draggable=\"1\"\n         data-wheel-scroll=\"1\"\n         data-traffic-layer=\"0\"\n         data-bike-layer=\"0\"\n         data-transit-layer=\"0\"\n         data-styling-hue=\"\"\n         data-styling-lightness=\"0\"\n         data-styling-gamma=\"1\"\n         data-styling-saturation=\"0\"><\/div>\n<\/div>\n<br \/>\n<a id=\"radio\"><\/a><\/p>\n<h2><i id=\"fac_69ead973a2f44\" class=\"fa fa-wifi\"><\/i>\n Internet radiowy:<\/h2>\n<p style=\"text-align: justify;\">Poni\u017csza mapa prezentuje <span style=\"text-decoration: underline;\">orientacyjny<\/span> zasi\u0119g dost\u0119pno\u015bci us\u0142ug \u015bwiadczonych w technologii <strong>bezprzewodowej<\/strong>.<br \/>\nW celu potwierdzenia dost\u0119pno\u015bci danej us\u0142ugi w okre\u015blonej lokalizacji prosimy o <a href=\"https:\/\/onlinesc.net\/online\/?page_id=28\">kontakt<\/a>.<\/p>\n<div class=\"clear-float\">\n    <\/div>\n<div class=\"huge_it_google_map_container\">\n    <div id=\"huge_it_google_map_2109\" data-map_id=\"1\"\n         class=\"huge_it_google_map\" style=\"\n    position:relative !important;\n    height:600px;\n    width:100%;\n    border-radius:0px;\n    margin:0px auto;\"\n         data-name=\"Zasi\u0119g radio\"\n         data-type=\"ROADMAP\"\n         data-zoom=\"10\"\n         data-min-zoom=\"0\"\n         data-max-zoom=\"22\"\n         data-locator-enabled=\"0\"\n         data-img-url        =\"https:\/\/onlinesc.net\/online\/wp-content\/plugins\/google-maps\/assets\/images\/\"\n         data-border-radius=\"0\"\n         data-center-lat=\"50.6263373\"\n         data-center-lng=\"19.8149399\"\n         data-pan-controller=\"1\"\n         data-zoom-controller=\"1\"\n         data-type-controller=\"1\"\n         data-scale-controller=\"1\"\n         data-street-view-controller=\"1\"\n         data-overview-map-controller=\"1\"\n         data-width=\"100\"\n         data-height=\"600\"\n         data-align=\"center\"\n         data-info-type=\"click\"\n         data-open-infowindows-onload=\"1\"\n         data-animation=\"none\"\n         data-language=\"location based\"\n         data-draggable=\"1\"\n         data-wheel-scroll=\"1\"\n         data-traffic-layer=\"0\"\n         data-bike-layer=\"0\"\n         data-transit-layer=\"0\"\n         data-styling-hue=\"\"\n         data-styling-lightness=\"0\"\n         data-styling-gamma=\"1\"\n         data-styling-saturation=\"0\"><\/div>\n<\/div>\n\n<p>&nbsp;<\/p>\n<p>&nbsp;<\/p>\n","protected":false},"excerpt":{"rendered":"<p>&nbsp; Us\u0142ugi \u015bwiat\u0142owodowe (Internet, TV, telefon): Poni\u017csza mapa prezentuje orientacyjny zasi\u0119g dost\u0119pno\u015bci us\u0142ug \u015bwiadczonych w technologii \u015bwiat\u0142owodowej. W celu potwierdzenia dost\u0119pno\u015bci danej us\u0142ugi w okre\u015blonej lokalizacji prosimy o kontakt. Internet radiowy: Poni\u017csza mapa prezentuje orientacyjny zasi\u0119g dost\u0119pno\u015bci us\u0142ug \u015bwiadczonych w technologii bezprzewodowej. W celu potwierdzenia dost\u0119pno\u015bci danej us\u0142ugi w okre\u015blonej lokalizacji prosimy o kontakt. &nbsp; <a href=\"https:\/\/onlinesc.net\/online\/?page_id=22\" rel=\"nofollow\"><span class=\"sr-only\">Read more about Zasi\u0119g<\/span>[&hellip;]<\/a><\/p>\n","protected":false},"author":1,"featured_media":0,"parent":0,"menu_order":0,"comment_status":"closed","ping_status":"closed","template":"","meta":[],"yoast_head":"<!-- This site is optimized with the Yoast SEO plugin v14.9 - https:\/\/yoast.com\/wordpress\/plugins\/seo\/ -->\n<title>Zasi\u0119g Online Szczekociny, internet, telewizja, telefon - ONLINE s.c.<\/title>\n<meta name=\"description\" content=\"Zasi\u0119g Online - mapy prezentuj\u0105ce orientacyjny zasi\u0119g dost\u0119pno\u015bci naszych us\u0142ug dost\u0119pu do Internetu \u015bwiadczonych w technologii \u015bwiat\u0142owodowej i radiowej.\" \/>\n<meta name=\"robots\" content=\"index, follow, max-snippet:-1, max-image-preview:large, max-video-preview:-1\" \/>\n<link rel=\"canonical\" href=\"https:\/\/onlinesc.net\/online\/?page_id=22\" \/>\n<meta property=\"og:locale\" content=\"pl_PL\" \/>\n<meta property=\"og:type\" content=\"article\" \/>\n<meta property=\"og:title\" content=\"Zasi\u0119g Online Szczekociny, internet, telewizja, telefon - ONLINE s.c.\" \/>\n<meta property=\"og:description\" content=\"Zasi\u0119g Online - mapy prezentuj\u0105ce orientacyjny zasi\u0119g dost\u0119pno\u015bci naszych us\u0142ug dost\u0119pu do Internetu \u015bwiadczonych w technologii \u015bwiat\u0142owodowej i radiowej.\" \/>\n<meta property=\"og:url\" content=\"https:\/\/onlinesc.net\/online\/?page_id=22\" \/>\n<meta property=\"og:site_name\" content=\"ONLINE s.c.\" \/>\n<meta property=\"article:modified_time\" content=\"2017-04-14T07:21:06+00:00\" \/>\n<meta name=\"twitter:card\" content=\"summary\" \/>\n<script type=\"application\/ld+json\" class=\"yoast-schema-graph\">{\"@context\":\"https:\/\/schema.org\",\"@graph\":[{\"@type\":\"Organization\",\"@id\":\"https:\/\/onlinesc.net\/online\/#organization\",\"name\":\"ONLINE s.c.\",\"url\":\"https:\/\/onlinesc.net\/online\/\",\"sameAs\":[],\"logo\":{\"@type\":\"ImageObject\",\"@id\":\"https:\/\/onlinesc.net\/online\/#logo\",\"inLanguage\":\"pl-PL\",\"url\":\"https:\/\/onlinesc.net\/online\/wp-content\/uploads\/logo_online.png\",\"width\":150,\"height\":150,\"caption\":\"ONLINE s.c.\"},\"image\":{\"@id\":\"https:\/\/onlinesc.net\/online\/#logo\"}},{\"@type\":\"WebSite\",\"@id\":\"https:\/\/onlinesc.net\/online\/#website\",\"url\":\"https:\/\/onlinesc.net\/online\/\",\"name\":\"ONLINE s.c.\",\"description\":\"ca\\u0142y \\u015bwiat w zasi\\u0119gu r\\u0119ki...\",\"publisher\":{\"@id\":\"https:\/\/onlinesc.net\/online\/#organization\"},\"potentialAction\":[{\"@type\":\"SearchAction\",\"target\":\"https:\/\/onlinesc.net\/online\/?s={search_term_string}\",\"query-input\":\"required name=search_term_string\"}],\"inLanguage\":\"pl-PL\"},{\"@type\":\"WebPage\",\"@id\":\"https:\/\/onlinesc.net\/online\/?page_id=22#webpage\",\"url\":\"https:\/\/onlinesc.net\/online\/?page_id=22\",\"name\":\"Zasi\\u0119g Online Szczekociny, internet, telewizja, telefon - ONLINE s.c.\",\"isPartOf\":{\"@id\":\"https:\/\/onlinesc.net\/online\/#website\"},\"datePublished\":\"2017-03-04T10:20:57+00:00\",\"dateModified\":\"2017-04-14T07:21:06+00:00\",\"description\":\"Zasi\\u0119g Online - mapy prezentuj\\u0105ce orientacyjny zasi\\u0119g dost\\u0119pno\\u015bci naszych us\\u0142ug dost\\u0119pu do Internetu \\u015bwiadczonych w technologii \\u015bwiat\\u0142owodowej i radiowej.\",\"breadcrumb\":{\"@id\":\"https:\/\/onlinesc.net\/online\/?page_id=22#breadcrumb\"},\"inLanguage\":\"pl-PL\",\"potentialAction\":[{\"@type\":\"ReadAction\",\"target\":[\"https:\/\/onlinesc.net\/online\/?page_id=22\"]}]},{\"@type\":\"BreadcrumbList\",\"@id\":\"https:\/\/onlinesc.net\/online\/?page_id=22#breadcrumb\",\"itemListElement\":[{\"@type\":\"ListItem\",\"position\":1,\"item\":{\"@type\":\"WebPage\",\"@id\":\"https:\/\/onlinesc.net\/online\",\"url\":\"https:\/\/onlinesc.net\/online\",\"name\":\"Home\"}},{\"@type\":\"ListItem\",\"position\":2,\"item\":{\"@type\":\"WebPage\",\"@id\":\"https:\/\/onlinesc.net\/online\/?page_id=22\",\"url\":\"https:\/\/onlinesc.net\/online\/?page_id=22\",\"name\":\"Zasi\\u0119g\"}}]}]}<\/script>\n<!-- \/ Yoast SEO plugin. -->","_links":{"self":[{"href":"https:\/\/onlinesc.net\/online\/index.php?rest_route=\/wp\/v2\/pages\/22"}],"collection":[{"href":"https:\/\/onlinesc.net\/online\/index.php?rest_route=\/wp\/v2\/pages"}],"about":[{"href":"https:\/\/onlinesc.net\/online\/index.php?rest_route=\/wp\/v2\/types\/page"}],"author":[{"embeddable":true,"href":"https:\/\/onlinesc.net\/online\/index.php?rest_route=\/wp\/v2\/users\/1"}],"replies":[{"embeddable":true,"href":"https:\/\/onlinesc.net\/online\/index.php?rest_route=%2Fwp%2Fv2%2Fcomments&post=22"}],"version-history":[{"count":16,"href":"https:\/\/onlinesc.net\/online\/index.php?rest_route=\/wp\/v2\/pages\/22\/revisions"}],"predecessor-version":[{"id":794,"href":"https:\/\/onlinesc.net\/online\/index.php?rest_route=\/wp\/v2\/pages\/22\/revisions\/794"}],"wp:attachment":[{"href":"https:\/\/onlinesc.net\/online\/index.php?rest_route=%2Fwp%2Fv2%2Fmedia&parent=22"}],"curies":[{"name":"wp","href":"https:\/\/api.w.org\/{rel}","templated":true}]}}