{"id":20,"date":"2017-03-04T11:20:34","date_gmt":"2017-03-04T10:20:34","guid":{"rendered":"http:\/\/onlinesc.net\/online\/?page_id=20"},"modified":"2017-04-14T08:56:25","modified_gmt":"2017-04-14T06:56:25","slug":"oferta","status":"publish","type":"page","link":"https:\/\/onlinesc.net\/online\/?page_id=20","title":{"rendered":"Oferta"},"content":{"rendered":"<p style=\"text-align: center;\">\t\t<div class=\"wpsm_service_b_row\" id=\"wpsm_service_b_row_943\">\r\n\t\t\t<div class=\"wpsm_row\"> \r\n<style>\r\n.wpsm_row{\r\n\toverflow:hidden;\r\n\tdisplay:block;\r\n\twidth:100%;\r\n}\r\n.wpsm_service_b_row{ \r\n\toverflow:hidden;\r\n\tdisplay:block;\r\n\twidth:100%;\r\n\tborder:0px solid #ddd;\r\n\tmargin-bottom:20px;\r\n}\r\n #wpsm_service_b_row_943 .wpsm_serviceBox{\r\n\tpadding:30px 0 ;\r\n\tmargin-bottom:20px;\r\n}\r\n#wpsm_service_b_row_943 .wpsm_serviceBox .wpsm_service-icon{\r\n\tbackground:#dd3333 !important;\r\n\theight: 70px;\r\n\twidth: 70px;\r\n\tborder-radius:50% !important;\r\n\ttext-align: center !important;\r\n\tfloat: left !important;\r\n}\r\n\r\n#wpsm_service_b_row_943 .wpsm_serviceBox .wpsm_service-icon i{\r\n\tfont-size:30px !important;\r\n\tcolor: #ffffff !important;\r\n\tline-height: 70px;\r\n}\r\n   \r\n#wpsm_service_b_row_943 .wpsm_serviceBox .wpsm_service-content {\r\n\tmargin-left: 95px;\r\n}\r\n#wpsm_service_b_row_943 .wpsm_serviceBox .wpsm_service-content h3{\r\n\tcolor: #606060 !important;\r\n\tfont-size: 20px !important;\r\n\tfont-weight: 600;\r\n\t\tfont-family:'Open Sans' !important;\r\n\t\tmargin-top: 0;\r\n\tclear:inherit !important;\r\n\tline-height:1.4 !important;\r\n\tmargin-bottom:0px !important;\r\n\t\r\n}\r\n#wpsm_service_b_row_943 .wpsm_serviceBox .wpsm_service-content p{\r\n\tcolor:#7f7f7f !important;\r\n\tfont-size: 19px !important;\r\n\tline-height:1.4 !important;\r\n\t\tfont-family:'Open Sans' !important;\r\n\t\tmargin-top:10px;\r\n\tmargin-bottom:0px;\r\n\t\r\n}\r\n#wpsm_service_b_row_943 .wpsm_serviceBox .wpsm_read{\r\n\tcolor: #dd3333 !important;\r\n\tfont-size: 20px !important;\r\n\t\tfont-family:'Open Sans' !important;\r\n\t\ttext-decoration: none;\r\n\tborder-bottom: 1px solid;\r\n\t margin-top:15px;\r\n\t display: inline-block;\r\n}\r\n<\/style>\r\n\r\n\t\t\t\r\n\t\t\t\t<div class=\"wpsm_col-md-6 wpsm_col-sm-6\">\r\n                    <div class=\"wpsm_serviceBox\">\r\n\t\t\t\t\t\t                       \r\n\t\t\t\t\t\t\t<div class=\"wpsm_service-icon\">\r\n\t\t\t\t\t\t\t\t<i class=\"fa fa-envelope\"><\/i>\r\n\t\t\t\t\t\t\t<\/div>\r\n\t\t\t\t\t\t                        <div class=\"wpsm_service-content\">\r\n                            <h3>Internet \u015bwiat\u0142owodowy<\/h3>\r\n                            <p> <a href=\"?page_id=30\">zobacz ofert\u0119<\/a><\/p>\r\n                            \t\t\t\t\t\t\t                        <\/div>\r\n                    <\/div>\r\n                <\/div>\r\n\r\n\t\t\t\t\r\n\t\t\t\t<div class=\"wpsm_col-md-6 wpsm_col-sm-6\">\r\n                    <div class=\"wpsm_serviceBox\">\r\n\t\t\t\t\t\t                       \r\n\t\t\t\t\t\t\t<div class=\"wpsm_service-icon\">\r\n\t\t\t\t\t\t\t\t<i class=\"fa fa-tv\"><\/i>\r\n\t\t\t\t\t\t\t<\/div>\r\n\t\t\t\t\t\t                        <div class=\"wpsm_service-content\">\r\n                            <h3>Telewizja \u015bwiat\u0142owodowa<\/h3>\r\n                            <p> <a href=\"?page_id=34\">zobacz ofert\u0119<\/a><\/p>\r\n                            \t\t\t\t\t\t\t                        <\/div>\r\n                    <\/div>\r\n                <\/div>\r\n\r\n\t\t\t\t\t\t\t\t\t\t<\/div>\r\n\t\t\t\t\t\t<div class=\"wpsm_row\">\r\n\t\t\t\t\t\t\r\n\t\t\t\t<div class=\"wpsm_col-md-6 wpsm_col-sm-6\">\r\n                    <div class=\"wpsm_serviceBox\">\r\n\t\t\t\t\t\t                       \r\n\t\t\t\t\t\t\t<div class=\"wpsm_service-icon\">\r\n\t\t\t\t\t\t\t\t<i class=\"fa fa-phone\"><\/i>\r\n\t\t\t\t\t\t\t<\/div>\r\n\t\t\t\t\t\t                        <div class=\"wpsm_service-content\">\r\n                            <h3>Telefon<\/h3>\r\n                            <p> <a href=\"?page_id=36\">zobacz ofert\u0119<\/a><\/p>\r\n                            \t\t\t\t\t\t\t                        <\/div>\r\n                    <\/div>\r\n                <\/div>\r\n\r\n\t\t\t\t\r\n\t\t\t\t<div class=\"wpsm_col-md-6 wpsm_col-sm-6\">\r\n                    <div class=\"wpsm_serviceBox\">\r\n\t\t\t\t\t\t                       \r\n\t\t\t\t\t\t\t<div class=\"wpsm_service-icon\">\r\n\t\t\t\t\t\t\t\t<i class=\"fa fa-cogs\"><\/i>\r\n\t\t\t\t\t\t\t<\/div>\r\n\t\t\t\t\t\t                        <div class=\"wpsm_service-content\">\r\n                            <h3>Pakiety promocyjne<\/h3>\r\n                            <p> <a href=\"?page_id=38\">zobacz ofert\u0119<\/a><\/p>\r\n                            \t\t\t\t\t\t\t                        <\/div>\r\n                    <\/div>\r\n                <\/div>\r\n\r\n\t\t\t\t\t\t\t\t\t\t<\/div>\r\n\t\t\t\t\t\t<div class=\"wpsm_row\">\r\n\t\t\t\t\t\t\r\n\t\t\t\t<div class=\"wpsm_col-md-6 wpsm_col-sm-6\">\r\n                    <div class=\"wpsm_serviceBox\">\r\n\t\t\t\t\t\t                       \r\n\t\t\t\t\t\t\t<div class=\"wpsm_service-icon\">\r\n\t\t\t\t\t\t\t\t<i class=\"fa fa-wifi\"><\/i>\r\n\t\t\t\t\t\t\t<\/div>\r\n\t\t\t\t\t\t                        <div class=\"wpsm_service-content\">\r\n                            <h3>Internet radiowy<\/h3>\r\n                            <p> <a href=\"?page_id=32\">zobacz ofert\u0119<\/a><\/p>\r\n                            \t\t\t\t\t\t\t                        <\/div>\r\n                    <\/div>\r\n                <\/div>\r\n\r\n\t\t\t\t\r\n\t\t\t\t<div class=\"wpsm_col-md-6 wpsm_col-sm-6\">\r\n                    <div class=\"wpsm_serviceBox\">\r\n\t\t\t\t\t\t                       \r\n\t\t\t\t\t\t\t<div class=\"wpsm_service-icon\">\r\n\t\t\t\t\t\t\t\t<i class=\"fa fa-bullhorn\"><\/i>\r\n\t\t\t\t\t\t\t<\/div>\r\n\t\t\t\t\t\t                        <div class=\"wpsm_service-content\">\r\n                            <h3>Alarmy, monitoring<\/h3>\r\n                            <p> <a href=\"?page_id=522\">zobacz ofert\u0119<\/a><\/p>\r\n                            \t\t\t\t\t\t\t                        <\/div>\r\n                    <\/div>\r\n                <\/div>\r\n\r\n\t\t\t\t\t\t\t\t\t\t<\/div>\r\n\t\t\t\t\t\t<div class=\"wpsm_row\">\r\n\t\t\t\t\t\t\r\n\t\t\t\t<div class=\"wpsm_col-md-6 wpsm_col-sm-6\">\r\n                    <div class=\"wpsm_serviceBox\">\r\n\t\t\t\t\t\t                       \r\n\t\t\t\t\t\t\t<div class=\"wpsm_service-icon\">\r\n\t\t\t\t\t\t\t\t<i class=\"fa fa-bolt\"><\/i>\r\n\t\t\t\t\t\t\t<\/div>\r\n\t\t\t\t\t\t                        <div class=\"wpsm_service-content\">\r\n                            <h3>Us\u0142ugi elektryczne \u2013 pomiary<\/h3>\r\n                            <p> <a href=\"?page_id=1147\">zobacz ofert\u0119<\/a><\/p>\r\n                            \t\t\t\t\t\t\t                        <\/div>\r\n                    <\/div>\r\n                <\/div>\r\n\r\n\t\t\t\t\r\n\t\t\t\t<div class=\"wpsm_col-md-6 wpsm_col-sm-6\">\r\n                    <div class=\"wpsm_serviceBox\">\r\n\t\t\t\t\t\t                       \r\n\t\t\t\t\t\t\t<div class=\"wpsm_service-icon\">\r\n\t\t\t\t\t\t\t\t<i class=\"fa fa-cogs\"><\/i>\r\n\t\t\t\t\t\t\t<\/div>\r\n\t\t\t\t\t\t                        <div class=\"wpsm_service-content\">\r\n                            <h3>Us\u0142ugi minikopark\u0105<\/h3>\r\n                            <p> <a href=\"?page_id=1149\">zobacz ofert\u0119<\/a><\/p>\r\n                            \t\t\t\t\t\t\t                        <\/div>\r\n                    <\/div>\r\n                <\/div>\r\n\r\n\t\t\t\t\t\t\t\t\t\t<\/div>\r\n\t\t\t\t\t\t<div class=\"wpsm_row\">\r\n\t\t\t\t\t\t    \r\n\r\n<\/div>\t   \t\t<\/div>\r\n\t\t\r\n\t<\/p>\n","protected":false},"excerpt":{"rendered":"","protected":false},"author":1,"featured_media":0,"parent":0,"menu_order":0,"comment_status":"closed","ping_status":"closed","template":"","meta":[],"yoast_head":"<!-- This site is optimized with the Yoast SEO plugin v14.9 - https:\/\/yoast.com\/wordpress\/plugins\/seo\/ -->\n<title>Oferta Online Szczekociny - internet, telwizja, telefon - ONLINE s.c.<\/title>\n<meta name=\"description\" content=\"Zapraszamy do zapoznania si\u0119 z ofert\u0105 naszej firmy. Oferujemy szybki internet, telewizj\u0119 HD, telefon. Us\u0142ugi te dost\u0119pne s\u0105 tak\u017ce w pakietach.\" \/>\n<meta name=\"robots\" content=\"index, follow, max-snippet:-1, max-image-preview:large, max-video-preview:-1\" \/>\n<link rel=\"canonical\" href=\"https:\/\/onlinesc.net\/online\/?page_id=20\" \/>\n<meta property=\"og:locale\" content=\"pl_PL\" \/>\n<meta property=\"og:type\" content=\"article\" \/>\n<meta property=\"og:title\" content=\"Oferta Online Szczekociny - internet, telwizja, telefon - ONLINE s.c.\" \/>\n<meta property=\"og:description\" content=\"Zapraszamy do zapoznania si\u0119 z ofert\u0105 naszej firmy. Oferujemy szybki internet, telewizj\u0119 HD, telefon. Us\u0142ugi te dost\u0119pne s\u0105 tak\u017ce w pakietach.\" \/>\n<meta property=\"og:url\" content=\"https:\/\/onlinesc.net\/online\/?page_id=20\" \/>\n<meta property=\"og:site_name\" content=\"ONLINE s.c.\" \/>\n<meta property=\"article:modified_time\" content=\"2017-04-14T06:56:25+00:00\" \/>\n<meta name=\"twitter:card\" content=\"summary\" \/>\n<script type=\"application\/ld+json\" class=\"yoast-schema-graph\">{\"@context\":\"https:\/\/schema.org\",\"@graph\":[{\"@type\":\"Organization\",\"@id\":\"https:\/\/onlinesc.net\/online\/#organization\",\"name\":\"ONLINE s.c.\",\"url\":\"https:\/\/onlinesc.net\/online\/\",\"sameAs\":[],\"logo\":{\"@type\":\"ImageObject\",\"@id\":\"https:\/\/onlinesc.net\/online\/#logo\",\"inLanguage\":\"pl-PL\",\"url\":\"https:\/\/onlinesc.net\/online\/wp-content\/uploads\/logo_online.png\",\"width\":150,\"height\":150,\"caption\":\"ONLINE s.c.\"},\"image\":{\"@id\":\"https:\/\/onlinesc.net\/online\/#logo\"}},{\"@type\":\"WebSite\",\"@id\":\"https:\/\/onlinesc.net\/online\/#website\",\"url\":\"https:\/\/onlinesc.net\/online\/\",\"name\":\"ONLINE s.c.\",\"description\":\"ca\\u0142y \\u015bwiat w zasi\\u0119gu r\\u0119ki...\",\"publisher\":{\"@id\":\"https:\/\/onlinesc.net\/online\/#organization\"},\"potentialAction\":[{\"@type\":\"SearchAction\",\"target\":\"https:\/\/onlinesc.net\/online\/?s={search_term_string}\",\"query-input\":\"required name=search_term_string\"}],\"inLanguage\":\"pl-PL\"},{\"@type\":\"WebPage\",\"@id\":\"https:\/\/onlinesc.net\/online\/?page_id=20#webpage\",\"url\":\"https:\/\/onlinesc.net\/online\/?page_id=20\",\"name\":\"Oferta Online Szczekociny - internet, telwizja, telefon - ONLINE s.c.\",\"isPartOf\":{\"@id\":\"https:\/\/onlinesc.net\/online\/#website\"},\"datePublished\":\"2017-03-04T10:20:34+00:00\",\"dateModified\":\"2017-04-14T06:56:25+00:00\",\"description\":\"Zapraszamy do zapoznania si\\u0119 z ofert\\u0105 naszej firmy. Oferujemy szybki internet, telewizj\\u0119 HD, telefon. Us\\u0142ugi te dost\\u0119pne s\\u0105 tak\\u017ce w pakietach.\",\"breadcrumb\":{\"@id\":\"https:\/\/onlinesc.net\/online\/?page_id=20#breadcrumb\"},\"inLanguage\":\"pl-PL\",\"potentialAction\":[{\"@type\":\"ReadAction\",\"target\":[\"https:\/\/onlinesc.net\/online\/?page_id=20\"]}]},{\"@type\":\"BreadcrumbList\",\"@id\":\"https:\/\/onlinesc.net\/online\/?page_id=20#breadcrumb\",\"itemListElement\":[{\"@type\":\"ListItem\",\"position\":1,\"item\":{\"@type\":\"WebPage\",\"@id\":\"https:\/\/onlinesc.net\/online\",\"url\":\"https:\/\/onlinesc.net\/online\",\"name\":\"Home\"}},{\"@type\":\"ListItem\",\"position\":2,\"item\":{\"@type\":\"WebPage\",\"@id\":\"https:\/\/onlinesc.net\/online\/?page_id=20\",\"url\":\"https:\/\/onlinesc.net\/online\/?page_id=20\",\"name\":\"Oferta\"}}]}]}<\/script>\n<!-- \/ Yoast SEO plugin. -->","_links":{"self":[{"href":"https:\/\/onlinesc.net\/online\/index.php?rest_route=\/wp\/v2\/pages\/20"}],"collection":[{"href":"https:\/\/onlinesc.net\/online\/index.php?rest_route=\/wp\/v2\/pages"}],"about":[{"href":"https:\/\/onlinesc.net\/online\/index.php?rest_route=\/wp\/v2\/types\/page"}],"author":[{"embeddable":true,"href":"https:\/\/onlinesc.net\/online\/index.php?rest_route=\/wp\/v2\/users\/1"}],"replies":[{"embeddable":true,"href":"https:\/\/onlinesc.net\/online\/index.php?rest_route=%2Fwp%2Fv2%2Fcomments&post=20"}],"version-history":[{"count":2,"href":"https:\/\/onlinesc.net\/online\/index.php?rest_route=\/wp\/v2\/pages\/20\/revisions"}],"predecessor-version":[{"id":944,"href":"https:\/\/onlinesc.net\/online\/index.php?rest_route=\/wp\/v2\/pages\/20\/revisions\/944"}],"wp:attachment":[{"href":"https:\/\/onlinesc.net\/online\/index.php?rest_route=%2Fwp%2Fv2%2Fmedia&parent=20"}],"curies":[{"name":"wp","href":"https:\/\/api.w.org\/{rel}","templated":true}]}}