{"id":18,"date":"2017-03-04T11:20:19","date_gmt":"2017-03-04T10:20:19","guid":{"rendered":"http:\/\/onlinesc.net\/online\/?page_id=18"},"modified":"2017-04-14T08:55:41","modified_gmt":"2017-04-14T06:55:41","slug":"informacje","status":"publish","type":"page","link":"https:\/\/onlinesc.net\/online\/?page_id=18","title":{"rendered":"O nas"},"content":{"rendered":"<h2 style=\"text-align: justify;\"><\/h2>\n<h2 style=\"text-align: justify;\"><i id=\"fac_69deebc6be4cf\" class=\"fa fa-user-circle-o\"><\/i>\n Kilka s\u0142\u00f3w o nas&#8230;<\/h2>\n<p><img loading=\"lazy\" class=\"alignright wp-image-236 size-medium\" src=\"https:\/\/onlinesc.net\/online\/wp-content\/uploads\/onas-300x192.jpg\" alt=\"Online s.c.\" width=\"300\" height=\"192\" srcset=\"https:\/\/onlinesc.net\/online\/wp-content\/uploads\/onas-300x192.jpg 300w, https:\/\/onlinesc.net\/online\/wp-content\/uploads\/onas.jpg 624w\" sizes=\"(max-width: 300px) 100vw, 300px\" \/><\/p>\n<p style=\"text-align: justify;\">Firma \u201eONLINE\u201d istnieje na rynku od 2001 roku. Oferujemy szeroki pakiet us\u0142ug teleinformatycznych. Jako operator telekomunikacyjny sprzedajemy \u0142\u0105cza szerokopasmowe w g\u0142\u00f3wnej mierze klientom indywidualnym ale tak\u017ce firmom oraz instytucjom publicznym. Dzia\u0142amy na terenie Szczekocin i okolic, obejmuj\u0105c swym zasi\u0119giem gminy Irz\u0105dze, Moskorzew, Lel\u00f3w, Radk\u00f3w. Szczeg\u00f3\u0142ow\u0105 map\u0119 zasi\u0119gu naszej sieci znajdziecie Pa\u0144stwo <a href=\"https:\/\/onlinesc.net\/online\/?page_id=22\">tutaj<\/a>.<\/p>\n<p style=\"text-align: justify;\">Do podstawowych kierunk\u00f3w dzia\u0142alno\u015bci naszej firmy nale\u017cy administracja oraz\u00a0 modernizacja sieci. Dzia\u0142amy na rynku od chwili narodzin technologii WiFi, w zwi\u0105zku z tym nabyli\u015bmy du\u017ce do\u015bwiadczenie w realizacji tego typu przedsi\u0119wzi\u0119\u0107.<\/p>\n<p style=\"text-align: justify;\">Nasze us\u0142ugi \u015bwiadczymy zgodnie z zachowaniem wszelkich przewidzianych norm co gwarantuje ich wysoki poziom. Nasz numer w rejestrze przedsi\u0119biorc\u00f3w telekomunikacyjnych to:<strong> 1048<\/strong>.<\/p>\n","protected":false},"excerpt":{"rendered":"<p>Kilka s\u0142\u00f3w o nas&#8230; Firma \u201eONLINE\u201d istnieje na rynku od 2001 roku. Oferujemy szeroki pakiet us\u0142ug teleinformatycznych. Jako operator telekomunikacyjny sprzedajemy \u0142\u0105cza szerokopasmowe w g\u0142\u00f3wnej mierze klientom indywidualnym ale tak\u017ce firmom oraz instytucjom publicznym. Dzia\u0142amy na terenie Szczekocin i okolic, obejmuj\u0105c swym zasi\u0119giem gminy Irz\u0105dze, Moskorzew, Lel\u00f3w, Radk\u00f3w. Szczeg\u00f3\u0142ow\u0105 map\u0119 zasi\u0119gu naszej sieci znajdziecie Pa\u0144stwo <a href=\"https:\/\/onlinesc.net\/online\/?page_id=18\" rel=\"nofollow\"><span class=\"sr-only\">Read more about O nas<\/span>[&hellip;]<\/a><\/p>\n","protected":false},"author":1,"featured_media":0,"parent":0,"menu_order":0,"comment_status":"closed","ping_status":"closed","template":"","meta":[],"yoast_head":"<!-- This site is optimized with the Yoast SEO plugin v14.9 - https:\/\/yoast.com\/wordpress\/plugins\/seo\/ -->\n<title>Online Szczekociny informacje - kilka s\u0142\u00f3w o nas - ONLINE s.c.<\/title>\n<meta name=\"description\" content=\"Kilka s\u0142\u00f3w o nas i naszej dzia\u0142alno\u015bci. Zapraszamy do zapoznania si\u0119 z kr\u00f3tk\u0105 charakterystyk\u0105 naszej firmy. Kim jeste\u015bmy, odk\u0105d dzia\u0142amy...\" \/>\n<meta name=\"robots\" content=\"index, follow, max-snippet:-1, max-image-preview:large, max-video-preview:-1\" \/>\n<link rel=\"canonical\" href=\"https:\/\/onlinesc.net\/online\/?page_id=18\" \/>\n<meta property=\"og:locale\" content=\"pl_PL\" \/>\n<meta property=\"og:type\" content=\"article\" \/>\n<meta property=\"og:title\" content=\"Online Szczekociny informacje - kilka s\u0142\u00f3w o nas - ONLINE s.c.\" \/>\n<meta property=\"og:description\" content=\"Kilka s\u0142\u00f3w o nas i naszej dzia\u0142alno\u015bci. Zapraszamy do zapoznania si\u0119 z kr\u00f3tk\u0105 charakterystyk\u0105 naszej firmy. Kim jeste\u015bmy, odk\u0105d dzia\u0142amy...\" \/>\n<meta property=\"og:url\" content=\"https:\/\/onlinesc.net\/online\/?page_id=18\" \/>\n<meta property=\"og:site_name\" content=\"ONLINE s.c.\" \/>\n<meta property=\"article:modified_time\" content=\"2017-04-14T06:55:41+00:00\" \/>\n<meta property=\"og:image\" content=\"https:\/\/onlinesc.net\/online\/wp-content\/uploads\/onas-300x192.jpg\" \/>\n<meta name=\"twitter:card\" content=\"summary\" \/>\n<script type=\"application\/ld+json\" class=\"yoast-schema-graph\">{\"@context\":\"https:\/\/schema.org\",\"@graph\":[{\"@type\":\"Organization\",\"@id\":\"https:\/\/onlinesc.net\/online\/#organization\",\"name\":\"ONLINE s.c.\",\"url\":\"https:\/\/onlinesc.net\/online\/\",\"sameAs\":[],\"logo\":{\"@type\":\"ImageObject\",\"@id\":\"https:\/\/onlinesc.net\/online\/#logo\",\"inLanguage\":\"pl-PL\",\"url\":\"https:\/\/onlinesc.net\/online\/wp-content\/uploads\/logo_online.png\",\"width\":150,\"height\":150,\"caption\":\"ONLINE s.c.\"},\"image\":{\"@id\":\"https:\/\/onlinesc.net\/online\/#logo\"}},{\"@type\":\"WebSite\",\"@id\":\"https:\/\/onlinesc.net\/online\/#website\",\"url\":\"https:\/\/onlinesc.net\/online\/\",\"name\":\"ONLINE s.c.\",\"description\":\"ca\\u0142y \\u015bwiat w zasi\\u0119gu r\\u0119ki...\",\"publisher\":{\"@id\":\"https:\/\/onlinesc.net\/online\/#organization\"},\"potentialAction\":[{\"@type\":\"SearchAction\",\"target\":\"https:\/\/onlinesc.net\/online\/?s={search_term_string}\",\"query-input\":\"required name=search_term_string\"}],\"inLanguage\":\"pl-PL\"},{\"@type\":\"ImageObject\",\"@id\":\"https:\/\/onlinesc.net\/online\/?page_id=18#primaryimage\",\"inLanguage\":\"pl-PL\",\"url\":\"https:\/\/onlinesc.net\/online\/wp-content\/uploads\/onas.jpg\",\"width\":624,\"height\":400,\"caption\":\"Online s.c.\"},{\"@type\":\"WebPage\",\"@id\":\"https:\/\/onlinesc.net\/online\/?page_id=18#webpage\",\"url\":\"https:\/\/onlinesc.net\/online\/?page_id=18\",\"name\":\"Online Szczekociny informacje - kilka s\\u0142\\u00f3w o nas - ONLINE s.c.\",\"isPartOf\":{\"@id\":\"https:\/\/onlinesc.net\/online\/#website\"},\"primaryImageOfPage\":{\"@id\":\"https:\/\/onlinesc.net\/online\/?page_id=18#primaryimage\"},\"datePublished\":\"2017-03-04T10:20:19+00:00\",\"dateModified\":\"2017-04-14T06:55:41+00:00\",\"description\":\"Kilka s\\u0142\\u00f3w o nas i naszej dzia\\u0142alno\\u015bci. Zapraszamy do zapoznania si\\u0119 z kr\\u00f3tk\\u0105 charakterystyk\\u0105 naszej firmy. Kim jeste\\u015bmy, odk\\u0105d dzia\\u0142amy...\",\"breadcrumb\":{\"@id\":\"https:\/\/onlinesc.net\/online\/?page_id=18#breadcrumb\"},\"inLanguage\":\"pl-PL\",\"potentialAction\":[{\"@type\":\"ReadAction\",\"target\":[\"https:\/\/onlinesc.net\/online\/?page_id=18\"]}]},{\"@type\":\"BreadcrumbList\",\"@id\":\"https:\/\/onlinesc.net\/online\/?page_id=18#breadcrumb\",\"itemListElement\":[{\"@type\":\"ListItem\",\"position\":1,\"item\":{\"@type\":\"WebPage\",\"@id\":\"https:\/\/onlinesc.net\/online\",\"url\":\"https:\/\/onlinesc.net\/online\",\"name\":\"Home\"}},{\"@type\":\"ListItem\",\"position\":2,\"item\":{\"@type\":\"WebPage\",\"@id\":\"https:\/\/onlinesc.net\/online\/?page_id=18\",\"url\":\"https:\/\/onlinesc.net\/online\/?page_id=18\",\"name\":\"O nas\"}}]}]}<\/script>\n<!-- \/ Yoast SEO plugin. -->","_links":{"self":[{"href":"https:\/\/onlinesc.net\/online\/index.php?rest_route=\/wp\/v2\/pages\/18"}],"collection":[{"href":"https:\/\/onlinesc.net\/online\/index.php?rest_route=\/wp\/v2\/pages"}],"about":[{"href":"https:\/\/onlinesc.net\/online\/index.php?rest_route=\/wp\/v2\/types\/page"}],"author":[{"embeddable":true,"href":"https:\/\/onlinesc.net\/online\/index.php?rest_route=\/wp\/v2\/users\/1"}],"replies":[{"embeddable":true,"href":"https:\/\/onlinesc.net\/online\/index.php?rest_route=%2Fwp%2Fv2%2Fcomments&post=18"}],"version-history":[{"count":15,"href":"https:\/\/onlinesc.net\/online\/index.php?rest_route=\/wp\/v2\/pages\/18\/revisions"}],"predecessor-version":[{"id":1118,"href":"https:\/\/onlinesc.net\/online\/index.php?rest_route=\/wp\/v2\/pages\/18\/revisions\/1118"}],"wp:attachment":[{"href":"https:\/\/onlinesc.net\/online\/index.php?rest_route=%2Fwp%2Fv2%2Fmedia&parent=18"}],"curies":[{"name":"wp","href":"https:\/\/api.w.org\/{rel}","templated":true}]}}