{"id":1166,"date":"2019-11-17T20:21:02","date_gmt":"2019-11-17T19:21:02","guid":{"rendered":"http:\/\/onlinesc.net\/online\/?page_id=1166"},"modified":"2019-11-17T20:29:44","modified_gmt":"2019-11-17T19:29:44","slug":"rodo","status":"publish","type":"page","link":"https:\/\/onlinesc.net\/online\/?page_id=1166","title":{"rendered":"RODO"},"content":{"rendered":"\r\n<h2><i id=\"fac_69eaf5a08a1f6\" class=\"fa fa-random\"><\/i>\n OBOWI\u0104ZEK INFORMACYJNY<\/h2>\r\n\r\n\r\n\r\n<p>Dope\u0142niaj\u0105c obowi\u0105zku informacyjnego zgodnie z art. 13 og\u00f3lnego rozporz\u0105dzenia o ochronie danych osobowych z dnia 27 kwietnia 2016 r. (Dz. Urz. UE L 119 z 04.05.2016) informujemy, \u017ce:<\/p>\r\n<ol>\r\n<li>Administratorem Pani\/Pana danych osobowych jest<br \/>Online s. c.<br \/>ul. \u015al\u0105ska 26<br \/>42-445 Szczekociny<\/li>\r\n<li>kontakt z Inspektorem Ochrony Danych <br \/>Centrum Zabezpieczenia Informacji Sylwester Cie\u015bla<br \/>ul. Wapiennikowa 2 lok. 4<br \/>25-112 Kielce<br \/>email.: iod@czi24.pl<\/li>\r\n<li>Pani\/Pana dane osobowe s\u0105 przetwarzane w celu niezb\u0119dnego i prawid\u0142owego wykonania umowy:<br \/>&#8211; na podstawie art. 6 ust. 1 pkt a), b), c) i zgodnie z tre\u015bci\u0105 og\u00f3lnego rozporz\u0105dzenia o ochronie danych, wykonuj\u0105c czynno\u015bci zgodnie z udzielonymi przez Pani\u0105\/Pana zgodami, zgodnie z zawart\u0105 umow\u0105 oraz wykonuj\u0105c czynno\u015bci wymagane obowi\u0105zuj\u0105cymi przepisami prawnymi i administracyjnymi ; \/podane dane b\u0119d\u0105 przetwarzane<\/li>\r\n<li>odbiorcami Pani\/Pana danych osobowych b\u0119d\u0105 wy\u0142\u0105cznie podmioty uprawnione do uzyskania danych osobowych na podstawie przepis\u00f3w prawa oraz podmioty uczestnicz\u0105ce w realizacji us\u0142ugi.<\/li>\r\n<li>Pani\/Pana dane osobowe b\u0119d\u0105 przetwarzane dop\u00f3ki, dop\u00f3ty nie zostanie zg\u0142oszony sprzeciw wobec ich przetwarzania, a w razie zg\u0142oszenia sprzeciwu &#8211; przez okres przedawnienia roszcze\u0144, jakie mog\u0105 przys\u0142ugiwa\u0107 osobie, kt\u00f3rej dane dotycz\u0105; dane osobowe przechowywane b\u0119d\u0105 w czasie zgodnym z przepisami prawa i zobowi\u0105za\u0144 wynikaj\u0105cych z zawartych um\u00f3w<\/li>\r\n<li>posiada Pani\/Pan prawo do \u017c\u0105dania od administratora dost\u0119pu do danych osobowych, ich sprostowania, usuni\u0119cia lub ograniczenia przetwarzania lub odwo\u0142ania uprzednio udzielonej zgody oraz prawo do przenoszenia danych wniesienia sprzeciwu wobec takiego przetwarzania,<\/li>\r\n<li>ma Pani\/Pan prawo wniesienia skargi do organu nadzorczego,<\/li>\r\n<li>podanie danych osobowych jest dobrowolne, jednak\u017ce niepodanie danych b\u0119dzie skutkowa\u0107 niemo\u017cliwo\u015bci\u0105 uczestnictwa w procesie realizacji us\u0142ugi<\/li>\r\n<li>dane osobowe nie b\u0119d\u0105 przetwarzane w spos\u00f3b zautomatyzowany w formie profilowania.<\/li>\r\n<\/ol>\r\n\r\n\r\n\r\n<p>&nbsp;<\/p>\r\n","protected":false},"excerpt":{"rendered":"<p>OBOWI\u0104ZEK INFORMACYJNY Dope\u0142niaj\u0105c obowi\u0105zku informacyjnego zgodnie z art. 13 og\u00f3lnego rozporz\u0105dzenia o ochronie danych osobowych z dnia 27 kwietnia 2016 r. (Dz. Urz. UE L 119 z 04.05.2016) informujemy, \u017ce: Administratorem Pani\/Pana danych osobowych jestOnline s. c.ul. \u015al\u0105ska 2642-445 Szczekociny kontakt z Inspektorem Ochrony Danych Centrum Zabezpieczenia Informacji Sylwester Cie\u015blaul. Wapiennikowa 2 lok. 425-112 Kielceemail.: <a href=\"https:\/\/onlinesc.net\/online\/?page_id=1166\" rel=\"nofollow\"><span class=\"sr-only\">Read more about RODO<\/span>[&hellip;]<\/a><\/p>\n","protected":false},"author":1,"featured_media":0,"parent":0,"menu_order":0,"comment_status":"closed","ping_status":"closed","template":"","meta":[],"yoast_head":"<!-- This site is optimized with the Yoast SEO plugin v14.9 - https:\/\/yoast.com\/wordpress\/plugins\/seo\/ -->\n<title>RODO - ONLINE s.c.<\/title>\n<meta name=\"robots\" content=\"index, follow, max-snippet:-1, max-image-preview:large, max-video-preview:-1\" \/>\n<link rel=\"canonical\" href=\"https:\/\/onlinesc.net\/online\/?page_id=1166\" \/>\n<meta property=\"og:locale\" content=\"pl_PL\" \/>\n<meta property=\"og:type\" content=\"article\" \/>\n<meta property=\"og:title\" content=\"RODO - ONLINE s.c.\" \/>\n<meta property=\"og:description\" content=\"OBOWI\u0104ZEK INFORMACYJNY Dope\u0142niaj\u0105c obowi\u0105zku informacyjnego zgodnie z art. 13 og\u00f3lnego rozporz\u0105dzenia o ochronie danych osobowych z dnia 27 kwietnia 2016 r. (Dz. Urz. UE L 119 z 04.05.2016) informujemy, \u017ce: Administratorem Pani\/Pana danych osobowych jestOnline s. c.ul. \u015al\u0105ska 2642-445 Szczekociny kontakt z Inspektorem Ochrony Danych Centrum Zabezpieczenia Informacji Sylwester Cie\u015blaul. Wapiennikowa 2 lok. 425-112 Kielceemail.: Read more about RODO[&hellip;]\" \/>\n<meta property=\"og:url\" content=\"https:\/\/onlinesc.net\/online\/?page_id=1166\" \/>\n<meta property=\"og:site_name\" content=\"ONLINE s.c.\" \/>\n<meta property=\"article:modified_time\" content=\"2019-11-17T19:29:44+00:00\" \/>\n<meta name=\"twitter:card\" content=\"summary\" \/>\n<script type=\"application\/ld+json\" class=\"yoast-schema-graph\">{\"@context\":\"https:\/\/schema.org\",\"@graph\":[{\"@type\":\"Organization\",\"@id\":\"https:\/\/onlinesc.net\/online\/#organization\",\"name\":\"ONLINE s.c.\",\"url\":\"https:\/\/onlinesc.net\/online\/\",\"sameAs\":[],\"logo\":{\"@type\":\"ImageObject\",\"@id\":\"https:\/\/onlinesc.net\/online\/#logo\",\"inLanguage\":\"pl-PL\",\"url\":\"https:\/\/onlinesc.net\/online\/wp-content\/uploads\/logo_online.png\",\"width\":150,\"height\":150,\"caption\":\"ONLINE s.c.\"},\"image\":{\"@id\":\"https:\/\/onlinesc.net\/online\/#logo\"}},{\"@type\":\"WebSite\",\"@id\":\"https:\/\/onlinesc.net\/online\/#website\",\"url\":\"https:\/\/onlinesc.net\/online\/\",\"name\":\"ONLINE s.c.\",\"description\":\"ca\\u0142y \\u015bwiat w zasi\\u0119gu r\\u0119ki...\",\"publisher\":{\"@id\":\"https:\/\/onlinesc.net\/online\/#organization\"},\"potentialAction\":[{\"@type\":\"SearchAction\",\"target\":\"https:\/\/onlinesc.net\/online\/?s={search_term_string}\",\"query-input\":\"required name=search_term_string\"}],\"inLanguage\":\"pl-PL\"},{\"@type\":\"WebPage\",\"@id\":\"https:\/\/onlinesc.net\/online\/?page_id=1166#webpage\",\"url\":\"https:\/\/onlinesc.net\/online\/?page_id=1166\",\"name\":\"RODO - ONLINE s.c.\",\"isPartOf\":{\"@id\":\"https:\/\/onlinesc.net\/online\/#website\"},\"datePublished\":\"2019-11-17T19:21:02+00:00\",\"dateModified\":\"2019-11-17T19:29:44+00:00\",\"breadcrumb\":{\"@id\":\"https:\/\/onlinesc.net\/online\/?page_id=1166#breadcrumb\"},\"inLanguage\":\"pl-PL\",\"potentialAction\":[{\"@type\":\"ReadAction\",\"target\":[\"https:\/\/onlinesc.net\/online\/?page_id=1166\"]}]},{\"@type\":\"BreadcrumbList\",\"@id\":\"https:\/\/onlinesc.net\/online\/?page_id=1166#breadcrumb\",\"itemListElement\":[{\"@type\":\"ListItem\",\"position\":1,\"item\":{\"@type\":\"WebPage\",\"@id\":\"https:\/\/onlinesc.net\/online\",\"url\":\"https:\/\/onlinesc.net\/online\",\"name\":\"Home\"}},{\"@type\":\"ListItem\",\"position\":2,\"item\":{\"@type\":\"WebPage\",\"@id\":\"https:\/\/onlinesc.net\/online\/?page_id=1166\",\"url\":\"https:\/\/onlinesc.net\/online\/?page_id=1166\",\"name\":\"RODO\"}}]}]}<\/script>\n<!-- \/ Yoast SEO plugin. -->","_links":{"self":[{"href":"https:\/\/onlinesc.net\/online\/index.php?rest_route=\/wp\/v2\/pages\/1166"}],"collection":[{"href":"https:\/\/onlinesc.net\/online\/index.php?rest_route=\/wp\/v2\/pages"}],"about":[{"href":"https:\/\/onlinesc.net\/online\/index.php?rest_route=\/wp\/v2\/types\/page"}],"author":[{"embeddable":true,"href":"https:\/\/onlinesc.net\/online\/index.php?rest_route=\/wp\/v2\/users\/1"}],"replies":[{"embeddable":true,"href":"https:\/\/onlinesc.net\/online\/index.php?rest_route=%2Fwp%2Fv2%2Fcomments&post=1166"}],"version-history":[{"count":3,"href":"https:\/\/onlinesc.net\/online\/index.php?rest_route=\/wp\/v2\/pages\/1166\/revisions"}],"predecessor-version":[{"id":1170,"href":"https:\/\/onlinesc.net\/online\/index.php?rest_route=\/wp\/v2\/pages\/1166\/revisions\/1170"}],"wp:attachment":[{"href":"https:\/\/onlinesc.net\/online\/index.php?rest_route=%2Fwp%2Fv2%2Fmedia&parent=1166"}],"curies":[{"name":"wp","href":"https:\/\/api.w.org\/{rel}","templated":true}]}}